{"id":12582,"date":"2022-03-07T12:49:51","date_gmt":"2022-03-07T10:49:51","guid":{"rendered":"https:\/\/bravaria.de\/shop\/bravaria-bh-black\/"},"modified":"2022-04-22T14:27:48","modified_gmt":"2022-04-22T12:27:48","slug":"bravaria-bh-black","status":"publish","type":"product","link":"https:\/\/bravaria.de\/en\/shop\/bravaria-bh-black\/","title":{"rendered":"bravaria bra black"},"content":{"rendered":"<p>[et_pb_section fb_built=&#8221;1&#8243; _builder_version=&#8221;4.16&#8243; custom_padding=&#8221;0px||||false|false&#8221; global_colors_info=&#8221;{}&#8221; width__hover_enabled=&#8221;off|desktop&#8221;][et_pb_row _builder_version=&#8221;4.16&#8243; background_size=&#8221;initial&#8221; background_position=&#8221;top_left&#8221; background_repeat=&#8221;repeat&#8221; width=&#8221;100%&#8221; max_width=&#8221;80%&#8221; custom_padding=&#8221;0px||0px||false|false&#8221; global_colors_info=&#8221;{}&#8221;][et_pb_column type=&#8221;4_4&#8243; _builder_version=&#8221;4.16&#8243; custom_padding=&#8221;|||&#8221; global_colors_info=&#8221;{}&#8221; custom_padding__hover=&#8221;|||&#8221;][et_pb_wc_breadcrumb _builder_version=&#8221;4.16&#8243; global_colors_info=&#8221;{}&#8221;][\/et_pb_wc_breadcrumb][et_pb_wc_cart_notice _builder_version=&#8221;4.16&#8243; global_colors_info=&#8221;{}&#8221;][\/et_pb_wc_cart_notice][\/et_pb_column][\/et_pb_row][et_pb_row column_structure=&#8221;1_2,1_2&#8243; _builder_version=&#8221;4.16&#8243; background_size=&#8221;initial&#8221; background_position=&#8221;top_left&#8221; background_repeat=&#8221;repeat&#8221; width=&#8221;100%&#8221; max_width=&#8221;80%&#8221; custom_padding=&#8221;0px||||false|false&#8221; global_colors_info=&#8221;{}&#8221;][et_pb_column type=&#8221;1_2&#8243; _builder_version=&#8221;4.16&#8243; custom_padding=&#8221;|||&#8221; global_colors_info=&#8221;{}&#8221; custom_padding__hover=&#8221;|||&#8221;][et_pb_wc_images _builder_version=&#8221;4.16&#8243; global_colors_info=&#8221;{}&#8221;][\/et_pb_wc_images][\/et_pb_column][et_pb_column type=&#8221;1_2&#8243; _builder_version=&#8221;4.16&#8243; custom_padding=&#8221;|||&#8221; global_colors_info=&#8221;{}&#8221; custom_padding__hover=&#8221;|||&#8221;][et_pb_wc_title _builder_version=&#8221;4.16&#8243; global_colors_info=&#8221;{}&#8221;][\/et_pb_wc_title][et_pb_wc_price _builder_version=&#8221;4.16&#8243; custom_margin=&#8221;||29px|||&#8221; global_colors_info=&#8221;{}&#8221;][\/et_pb_wc_price][et_pb_text _builder_version=&#8221;4.6.5&#8243; _module_preset=&#8221;default&#8221; text_font_size=&#8221;14px&#8221; global_module=&#8221;12928&#8243; saved_tabs=&#8221;all&#8221; global_colors_info=&#8221;{}&#8221;]<\/p>\n<p>inkl. MwSt., versandkostenfrei innerhalb Deutschlands<\/p>\n<p>[\/et_pb_text][et_pb_wc_add_to_cart _builder_version=&#8221;4.16&#8243; global_colors_info=&#8221;{}&#8221;][\/et_pb_wc_add_to_cart][et_pb_code _builder_version=&#8221;4.9.7&#8243; _module_preset=&#8221;default&#8221; global_module=&#8221;14082&#8243; saved_tabs=&#8221;all&#8221; locked=&#8221;off&#8221; global_colors_info=&#8221;{}&#8221;]<!-- TrustBox widget - Micro Review Count --><!-- [et_pb_line_break_holder] --><\/pee>\n<div class=\"trustpilot-widget\" data-locale=\"de-DE\" data-template-id=\"5419b6a8b0d04a076446a9ad\" data-businessunit-id=\"6033ee8f90a1110001864d7a\" data-style-height=\"24px\" data-style-width=\"100%\" data-theme=\"light\"><!-- [et_pb_line_break_holder] -->  <a href=\"https:\/\/de.trustpilot.com\/review\/bravaria.de\" target=\"_blank\" rel=\"noopener\">Trustpilot<\/a><!-- [et_pb_line_break_holder] --><\/div>\n<pee><!-- [et_pb_line_break_holder] --><!-- End TrustBox widget -->[\/et_pb_code][et_pb_wc_description _builder_version=&#8221;4.16&#8243; global_colors_info=&#8221;{}&#8221;][\/et_pb_wc_description][et_pb_wc_meta _builder_version=&#8221;4.16&#8243; global_colors_info=&#8221;{}&#8221;][\/et_pb_wc_meta][\/et_pb_column][\/et_pb_row][et_pb_row _builder_version=&#8221;4.16&#8243; background_size=&#8221;initial&#8221; background_position=&#8221;top_left&#8221; background_repeat=&#8221;repeat&#8221; width=&#8221;100%&#8221; max_width=&#8221;80%&#8221; global_colors_info=&#8221;{}&#8221;][et_pb_column type=&#8221;4_4&#8243; _builder_version=&#8221;4.16&#8243; custom_padding=&#8221;|||&#8221; global_colors_info=&#8221;{}&#8221; custom_padding__hover=&#8221;|||&#8221;][et_pb_wc_tabs _builder_version=&#8221;4.16&#8243; global_colors_info=&#8221;{}&#8221;] [\/et_pb_wc_tabs][et_pb_wc_upsells _builder_version=&#8221;4.16&#8243; global_colors_info=&#8221;{}&#8221;][\/et_pb_wc_upsells][et_pb_wc_related_products _builder_version=&#8221;4.16&#8243; global_colors_info=&#8221;{}&#8221;][\/et_pb_wc_related_products][\/et_pb_column][\/et_pb_row][\/et_pb_section]<\/p>\n","protected":false},"excerpt":{"rendered":"<p>Is this real life?! Oh yes! Finally, bras for breasts of different sizes.<\/p>\n<p><strong>What makes the bra so special?<\/strong><\/p>\n<p>\u2022 Symmetrical appearance with high wearing comfort &#8211; each breast has its own cup<\/p>\n<p>\u2022 Removable padded inlays (a total of 4 pieces &#8211; 2 small ones (push-up effect) and 2 larger ones (enclosing the cup)<\/p>\n<p>\u2022 Thin silicone bands along the bra band (non-slip material &#8211; the weight of the breast is shifted from the straps to the ribcage).<\/p>\n<p>\u2022 Supportive underwired bra &#8211; also perfect for large sizes (Needs to hold&#8217;em up, right \ud83d\ude09 )<\/p>\n<p>\u2022 Hook and eyelet closure at the back (with 3 x 2 hooks)<\/p>\n<p>\u2022 Adjustable straps<\/p>\n<p><strong>What&#8217;s the magic behind it?<\/strong><\/p>\n<p>The smaller breast rests in the smaller sewn-in basket. The larger breast is seated in the larger cup. The smaller, sewn-in cup compensates for both volume and height difference &#8211; it is virtually adjusted to the height and volume of the larger breast. This in turn gives the d\u00e9collet\u00e9 a symmetrical appearance.<\/p>\n<p><strong>Wait&#8230;what?! I&#8217;m confused.<\/strong><\/p>\n<p>Would you like more information? No problem, just check out our <a href=\"https:\/\/bravaria.de\/faq\/\">FAQ<\/a> section.<\/p>\n<p>&nbsp;<\/p>\n","protected":false},"featured_media":9400,"template":"","meta":{"_et_pb_use_builder":"on","_et_pb_old_content":"Currently we can only offer the most popular designs with a difference in cup size. However, we are constantly working on expanding our range - we promise! If your size is not there, please send us a message using the contact form.\n\nThanks to the enclosed padding *, intermediate sizes can also be balanced out or an additional push-up effect can be achieved. The bravaria bra has narrow, elastic, adjustable straps and a triple hook fastening on the back. Larger versions are equipped with wider, padded straps. Narrow silicone straps are also incorporated into the waistband so that the bra cannot slip even during intense movement and the weight of the breast is shifted from the straps to the rib arch.\n\n* In case of a return, cushion inserts must also be returned, otherwise we cannot refund the entire purchase price and must retain the equivalent of EUR 4.99.\n\nThe bra consists of:\n80% - polyamide, 12% - elastane, 8% - cotton\n<p style=\"text-align: right\">Purchasing service provider: Procfit.at<\/p>","_et_gb_content_width":""},"product_brand":[],"product_cat":[133],"product_tag":[],"class_list":{"0":"post-12582","1":"product","2":"type-product","3":"status-publish","4":"has-post-thumbnail","6":"product_cat-bras","8":"first","9":"instock","10":"taxable","11":"shipping-taxable","12":"purchasable","13":"product-type-variable","14":"has-default-attributes"},"yoast_head":"<!-- This site is optimized with the Yoast SEO plugin v27.3 - https:\/\/yoast.com\/product\/yoast-seo-wordpress\/ -->\n<title>bravaria bra black - bravaria<\/title>\n<meta name=\"description\" content=\"Finally! The world&#039;s first - bras with different sized cups. \u2022 Symmetrical appearance with high wearing comfort \u2022 Adjustable straps \u2022 Hook and eye closure at the back (with 3 x 2 hooks) \u2022 Removable padding.\" \/>\n<meta name=\"robots\" content=\"index, follow, max-snippet:-1, max-image-preview:large, max-video-preview:-1\" \/>\n<link rel=\"canonical\" href=\"https:\/\/bravaria.de\/en\/shop\/bravaria-bh-black\/\" \/>\n<meta property=\"og:locale\" content=\"en_US\" \/>\n<meta property=\"og:type\" content=\"article\" \/>\n<meta property=\"og:title\" content=\"bravaria bra black - bravaria\" \/>\n<meta property=\"og:description\" content=\"Finally! The world&#039;s first - bras with different sized cups. \u2022 Symmetrical appearance with high wearing comfort \u2022 Adjustable straps \u2022 Hook and eye closure at the back (with 3 x 2 hooks) \u2022 Removable padding.\" \/>\n<meta property=\"og:url\" content=\"https:\/\/bravaria.de\/en\/shop\/bravaria-bh-black\/\" \/>\n<meta property=\"og:site_name\" content=\"bravaria\" \/>\n<meta property=\"article:publisher\" content=\"https:\/\/www.facebook.com\/bravariaShop\/\" \/>\n<meta property=\"article:modified_time\" content=\"2022-04-22T12:27:48+00:00\" \/>\n<meta property=\"og:image\" content=\"https:\/\/bravaria.de\/wp-content\/uploads\/2013\/06\/bravaria-BH-produkt-bild-scaled.jpg\" \/>\n\t<meta property=\"og:image:width\" content=\"1599\" \/>\n\t<meta property=\"og:image:height\" content=\"1200\" \/>\n\t<meta property=\"og:image:type\" content=\"image\/jpeg\" \/>\n<meta name=\"twitter:card\" content=\"summary_large_image\" \/>\n<meta name=\"twitter:site\" content=\"@bravariashop\" \/>\n<meta name=\"twitter:label1\" content=\"Est. reading time\" \/>\n\t<meta name=\"twitter:data1\" content=\"2 minutes\" \/>\n<script type=\"application\/ld+json\" class=\"yoast-schema-graph\">{\"@context\":\"https:\\\/\\\/schema.org\",\"@graph\":[{\"@type\":\"WebPage\",\"@id\":\"https:\\\/\\\/bravaria.de\\\/en\\\/shop\\\/bravaria-bh-black\\\/\",\"url\":\"https:\\\/\\\/bravaria.de\\\/en\\\/shop\\\/bravaria-bh-black\\\/\",\"name\":\"bravaria bra black - bravaria\",\"isPartOf\":{\"@id\":\"https:\\\/\\\/bravaria.de\\\/en\\\/#website\"},\"primaryImageOfPage\":{\"@id\":\"https:\\\/\\\/bravaria.de\\\/en\\\/shop\\\/bravaria-bh-black\\\/#primaryimage\"},\"image\":{\"@id\":\"https:\\\/\\\/bravaria.de\\\/en\\\/shop\\\/bravaria-bh-black\\\/#primaryimage\"},\"thumbnailUrl\":\"https:\\\/\\\/bravaria.de\\\/wp-content\\\/uploads\\\/2013\\\/06\\\/bravaria-BH-produkt-bild-scaled.jpg\",\"datePublished\":\"2022-03-07T10:49:51+00:00\",\"dateModified\":\"2022-04-22T12:27:48+00:00\",\"description\":\"Finally! The world's first - bras with different sized cups. \u2022 Symmetrical appearance with high wearing comfort \u2022 Adjustable straps \u2022 Hook and eye closure at the back (with 3 x 2 hooks) \u2022 Removable padding.\",\"breadcrumb\":{\"@id\":\"https:\\\/\\\/bravaria.de\\\/en\\\/shop\\\/bravaria-bh-black\\\/#breadcrumb\"},\"inLanguage\":\"en-US\",\"potentialAction\":[{\"@type\":\"ReadAction\",\"target\":[\"https:\\\/\\\/bravaria.de\\\/en\\\/shop\\\/bravaria-bh-black\\\/\"]}]},{\"@type\":\"ImageObject\",\"inLanguage\":\"en-US\",\"@id\":\"https:\\\/\\\/bravaria.de\\\/en\\\/shop\\\/bravaria-bh-black\\\/#primaryimage\",\"url\":\"https:\\\/\\\/bravaria.de\\\/wp-content\\\/uploads\\\/2013\\\/06\\\/bravaria-BH-produkt-bild-scaled.jpg\",\"contentUrl\":\"https:\\\/\\\/bravaria.de\\\/wp-content\\\/uploads\\\/2013\\\/06\\\/bravaria-BH-produkt-bild-scaled.jpg\",\"width\":1599,\"height\":1200},{\"@type\":\"BreadcrumbList\",\"@id\":\"https:\\\/\\\/bravaria.de\\\/en\\\/shop\\\/bravaria-bh-black\\\/#breadcrumb\",\"itemListElement\":[{\"@type\":\"ListItem\",\"position\":1,\"name\":\"Startseite\",\"item\":\"https:\\\/\\\/bravaria.de\\\/en\\\/\"},{\"@type\":\"ListItem\",\"position\":2,\"name\":\"Shop\",\"item\":\"https:\\\/\\\/bravaria.de\\\/en\\\/shop-en\\\/\"},{\"@type\":\"ListItem\",\"position\":3,\"name\":\"bravaria bra black\"}]},{\"@type\":\"WebSite\",\"@id\":\"https:\\\/\\\/bravaria.de\\\/en\\\/#website\",\"url\":\"https:\\\/\\\/bravaria.de\\\/en\\\/\",\"name\":\"bravaria\",\"description\":\"Der erste BH f\u00fcr unterschiedlich gro\u00dfe Br\u00fcste\",\"publisher\":{\"@id\":\"https:\\\/\\\/bravaria.de\\\/en\\\/#organization\"},\"potentialAction\":[{\"@type\":\"SearchAction\",\"target\":{\"@type\":\"EntryPoint\",\"urlTemplate\":\"https:\\\/\\\/bravaria.de\\\/en\\\/?s={search_term_string}\"},\"query-input\":{\"@type\":\"PropertyValueSpecification\",\"valueRequired\":true,\"valueName\":\"search_term_string\"}}],\"inLanguage\":\"en-US\"},{\"@type\":\"Organization\",\"@id\":\"https:\\\/\\\/bravaria.de\\\/en\\\/#organization\",\"name\":\"bravaria\",\"url\":\"https:\\\/\\\/bravaria.de\\\/en\\\/\",\"logo\":{\"@type\":\"ImageObject\",\"inLanguage\":\"en-US\",\"@id\":\"https:\\\/\\\/bravaria.de\\\/en\\\/#\\\/schema\\\/logo\\\/image\\\/\",\"url\":\"\",\"contentUrl\":\"\",\"caption\":\"bravaria\"},\"image\":{\"@id\":\"https:\\\/\\\/bravaria.de\\\/en\\\/#\\\/schema\\\/logo\\\/image\\\/\"},\"sameAs\":[\"https:\\\/\\\/www.facebook.com\\\/bravariaShop\\\/\",\"https:\\\/\\\/x.com\\\/bravariashop\",\"https:\\\/\\\/www.instagram.com\\\/bravariashop\\\/\",\"https:\\\/\\\/www.youtube.com\\\/channel\\\/UCbzdrYzyweObwB9Qr80qe9Q\"]}]}<\/script>\n<!-- \/ Yoast SEO plugin. -->","yoast_head_json":{"title":"bravaria bra black - bravaria","description":"Finally! The world's first - bras with different sized cups. \u2022 Symmetrical appearance with high wearing comfort \u2022 Adjustable straps \u2022 Hook and eye closure at the back (with 3 x 2 hooks) \u2022 Removable padding.","robots":{"index":"index","follow":"follow","max-snippet":"max-snippet:-1","max-image-preview":"max-image-preview:large","max-video-preview":"max-video-preview:-1"},"canonical":"https:\/\/bravaria.de\/en\/shop\/bravaria-bh-black\/","og_locale":"en_US","og_type":"article","og_title":"bravaria bra black - bravaria","og_description":"Finally! The world's first - bras with different sized cups. \u2022 Symmetrical appearance with high wearing comfort \u2022 Adjustable straps \u2022 Hook and eye closure at the back (with 3 x 2 hooks) \u2022 Removable padding.","og_url":"https:\/\/bravaria.de\/en\/shop\/bravaria-bh-black\/","og_site_name":"bravaria","article_publisher":"https:\/\/www.facebook.com\/bravariaShop\/","article_modified_time":"2022-04-22T12:27:48+00:00","og_image":[{"width":1599,"height":1200,"url":"https:\/\/bravaria.de\/wp-content\/uploads\/2013\/06\/bravaria-BH-produkt-bild-scaled.jpg","type":"image\/jpeg"}],"twitter_card":"summary_large_image","twitter_site":"@bravariashop","twitter_misc":{"Est. reading time":"2 minutes"},"schema":{"@context":"https:\/\/schema.org","@graph":[{"@type":"WebPage","@id":"https:\/\/bravaria.de\/en\/shop\/bravaria-bh-black\/","url":"https:\/\/bravaria.de\/en\/shop\/bravaria-bh-black\/","name":"bravaria bra black - bravaria","isPartOf":{"@id":"https:\/\/bravaria.de\/en\/#website"},"primaryImageOfPage":{"@id":"https:\/\/bravaria.de\/en\/shop\/bravaria-bh-black\/#primaryimage"},"image":{"@id":"https:\/\/bravaria.de\/en\/shop\/bravaria-bh-black\/#primaryimage"},"thumbnailUrl":"https:\/\/bravaria.de\/wp-content\/uploads\/2013\/06\/bravaria-BH-produkt-bild-scaled.jpg","datePublished":"2022-03-07T10:49:51+00:00","dateModified":"2022-04-22T12:27:48+00:00","description":"Finally! The world's first - bras with different sized cups. \u2022 Symmetrical appearance with high wearing comfort \u2022 Adjustable straps \u2022 Hook and eye closure at the back (with 3 x 2 hooks) \u2022 Removable padding.","breadcrumb":{"@id":"https:\/\/bravaria.de\/en\/shop\/bravaria-bh-black\/#breadcrumb"},"inLanguage":"en-US","potentialAction":[{"@type":"ReadAction","target":["https:\/\/bravaria.de\/en\/shop\/bravaria-bh-black\/"]}]},{"@type":"ImageObject","inLanguage":"en-US","@id":"https:\/\/bravaria.de\/en\/shop\/bravaria-bh-black\/#primaryimage","url":"https:\/\/bravaria.de\/wp-content\/uploads\/2013\/06\/bravaria-BH-produkt-bild-scaled.jpg","contentUrl":"https:\/\/bravaria.de\/wp-content\/uploads\/2013\/06\/bravaria-BH-produkt-bild-scaled.jpg","width":1599,"height":1200},{"@type":"BreadcrumbList","@id":"https:\/\/bravaria.de\/en\/shop\/bravaria-bh-black\/#breadcrumb","itemListElement":[{"@type":"ListItem","position":1,"name":"Startseite","item":"https:\/\/bravaria.de\/en\/"},{"@type":"ListItem","position":2,"name":"Shop","item":"https:\/\/bravaria.de\/en\/shop-en\/"},{"@type":"ListItem","position":3,"name":"bravaria bra black"}]},{"@type":"WebSite","@id":"https:\/\/bravaria.de\/en\/#website","url":"https:\/\/bravaria.de\/en\/","name":"bravaria","description":"Der erste BH f\u00fcr unterschiedlich gro\u00dfe Br\u00fcste","publisher":{"@id":"https:\/\/bravaria.de\/en\/#organization"},"potentialAction":[{"@type":"SearchAction","target":{"@type":"EntryPoint","urlTemplate":"https:\/\/bravaria.de\/en\/?s={search_term_string}"},"query-input":{"@type":"PropertyValueSpecification","valueRequired":true,"valueName":"search_term_string"}}],"inLanguage":"en-US"},{"@type":"Organization","@id":"https:\/\/bravaria.de\/en\/#organization","name":"bravaria","url":"https:\/\/bravaria.de\/en\/","logo":{"@type":"ImageObject","inLanguage":"en-US","@id":"https:\/\/bravaria.de\/en\/#\/schema\/logo\/image\/","url":"","contentUrl":"","caption":"bravaria"},"image":{"@id":"https:\/\/bravaria.de\/en\/#\/schema\/logo\/image\/"},"sameAs":["https:\/\/www.facebook.com\/bravariaShop\/","https:\/\/x.com\/bravariashop","https:\/\/www.instagram.com\/bravariashop\/","https:\/\/www.youtube.com\/channel\/UCbzdrYzyweObwB9Qr80qe9Q"]}]}},"_links":{"self":[{"href":"https:\/\/bravaria.de\/en\/wp-json\/wp\/v2\/product\/12582","targetHints":{"allow":["GET"]}}],"collection":[{"href":"https:\/\/bravaria.de\/en\/wp-json\/wp\/v2\/product"}],"about":[{"href":"https:\/\/bravaria.de\/en\/wp-json\/wp\/v2\/types\/product"}],"wp:featuredmedia":[{"embeddable":true,"href":"https:\/\/bravaria.de\/en\/wp-json\/wp\/v2\/media\/9400"}],"wp:attachment":[{"href":"https:\/\/bravaria.de\/en\/wp-json\/wp\/v2\/media?parent=12582"}],"wp:term":[{"taxonomy":"product_brand","embeddable":true,"href":"https:\/\/bravaria.de\/en\/wp-json\/wp\/v2\/product_brand?post=12582"},{"taxonomy":"product_cat","embeddable":true,"href":"https:\/\/bravaria.de\/en\/wp-json\/wp\/v2\/product_cat?post=12582"},{"taxonomy":"product_tag","embeddable":true,"href":"https:\/\/bravaria.de\/en\/wp-json\/wp\/v2\/product_tag?post=12582"}],"curies":[{"name":"wp","href":"https:\/\/api.w.org\/{rel}","templated":true}]}}