{"id":12492,"date":"2019-02-18T22:26:16","date_gmt":"2019-02-18T20:26:16","guid":{"rendered":"https:\/\/bravaria.de\/shop\/bravaria-panties-jenny-2x\/"},"modified":"2020-11-09T00:03:26","modified_gmt":"2020-11-08T22:03:26","slug":"bravaria-panties-jenny-2x","status":"publish","type":"product","link":"https:\/\/bravaria.de\/en\/shop\/bravaria-panties-jenny-2x\/","title":{"rendered":"bravaria panties Jenny (2x)"},"content":{"rendered":"<p>[et_pb_section fb_built=&#8221;1&#8243; _builder_version=&#8221;3.22&#8243; custom_padding=&#8221;0px||||false|false&#8221;][et_pb_row _builder_version=&#8221;3.25&#8243; background_size=&#8221;initial&#8221; background_position=&#8221;top_left&#8221; background_repeat=&#8221;repeat&#8221; width=&#8221;100%&#8221; custom_padding=&#8221;0px||0px||false|false&#8221; max_width=&#8221;80%&#8221;][et_pb_column type=&#8221;4_4&#8243; _builder_version=&#8221;3.25&#8243; custom_padding=&#8221;|||&#8221; custom_padding__hover=&#8221;|||&#8221;][et_pb_wc_breadcrumb _builder_version=&#8221;3.0.47&#8243;][\/et_pb_wc_breadcrumb][et_pb_wc_cart_notice _builder_version=&#8221;3.0.47&#8243;][\/et_pb_wc_cart_notice][\/et_pb_column][\/et_pb_row][et_pb_row column_structure=&#8221;1_2,1_2&#8243; _builder_version=&#8221;3.25&#8243; background_size=&#8221;initial&#8221; background_position=&#8221;top_left&#8221; background_repeat=&#8221;repeat&#8221; width=&#8221;100%&#8221; custom_padding=&#8221;0px||||false|false&#8221; max_width=&#8221;80%&#8221;][et_pb_column type=&#8221;1_2&#8243; _builder_version=&#8221;3.25&#8243; custom_padding=&#8221;|||&#8221; custom_padding__hover=&#8221;|||&#8221;][et_pb_wc_images _builder_version=&#8221;3.0.47&#8243;][\/et_pb_wc_images][\/et_pb_column][et_pb_column type=&#8221;1_2&#8243; _builder_version=&#8221;3.25&#8243; custom_padding=&#8221;|||&#8221; custom_padding__hover=&#8221;|||&#8221;][et_pb_wc_title _builder_version=&#8221;3.0.47&#8243;][\/et_pb_wc_title][et_pb_wc_rating _builder_version=&#8221;3.0.47&#8243;][\/et_pb_wc_rating][et_pb_wc_price _builder_version=&#8221;3.0.47&#8243;][\/et_pb_wc_price][et_pb_wc_add_to_cart _builder_version=&#8221;3.0.47&#8243;][\/et_pb_wc_add_to_cart][et_pb_wc_description _builder_version=&#8221;3.0.47&#8243;][\/et_pb_wc_description][et_pb_wc_meta _builder_version=&#8221;3.0.47&#8243;][\/et_pb_wc_meta][\/et_pb_column][\/et_pb_row][et_pb_row _builder_version=&#8221;3.25&#8243; background_size=&#8221;initial&#8221; background_position=&#8221;top_left&#8221; background_repeat=&#8221;repeat&#8221; width=&#8221;100%&#8221; max_width=&#8221;80%&#8221;][et_pb_column type=&#8221;4_4&#8243; _builder_version=&#8221;3.25&#8243; custom_padding=&#8221;|||&#8221; custom_padding__hover=&#8221;|||&#8221;][et_pb_wc_tabs _builder_version=&#8221;3.0.47&#8243;]\t\t\t\t\t[\/et_pb_wc_tabs][et_pb_wc_upsells _builder_version=&#8221;3.0.47&#8243;][\/et_pb_wc_upsells][et_pb_wc_related_products _builder_version=&#8221;3.0.47&#8243;][\/et_pb_wc_related_products][\/et_pb_column][\/et_pb_row][\/et_pb_section]<\/p>\n","protected":false},"excerpt":{"rendered":"<p><strong>Twice the impact! You can get our comfortable briefs in a double pack.<\/strong><\/p>\n<p>\u2022 Tear-resistant, abrasion-proof and easy-care material<br \/>\n\u2022 Elasticated, medium waistband<br \/>\n\u2022 Machine wash possible<br \/>\n\u2022 Easy to wear<\/p>\n<p class=\"ox-b013d225fd-MsoNormal\">&#8220;Jenny&#8221; not only convinces by its pleasant wearing comfort, because the inserted lace on the leg gives it &#8220;that certain something&#8221;. We have refrained from unnecessary bling in the design, true to the motto &#8220;BLACK to Basics&#8221;. With lace and a small bow in the middle, &#8220;Jenny&#8221; is perfect for every occasion.<\/p>\n<p>Fun-Fact: Our briefs are named after our best friends. And the product description somehow also fits their personalities quiet well. \ud83d\ude09<\/p>\n","protected":false},"featured_media":12493,"template":"","meta":{"_et_pb_use_builder":"on","_et_pb_old_content":"Please note that we try to save plastic as much as possible with our products, which is why the slip is shipped without the appropriate plastic insert. Therefore, the exchange is unfortunately excluded, sorry!\n\nDouble the impact! You receive our comfortable briefs in a <strong>double pack<\/strong>.\n\nMade of 89% polyamide and 11% elastane.","_et_gb_content_width":""},"product_brand":[],"product_cat":[135],"product_tag":[],"class_list":{"0":"post-12492","1":"product","2":"type-product","3":"status-publish","4":"has-post-thumbnail","6":"product_cat-panties","8":"first","9":"instock","10":"taxable","11":"shipping-taxable","12":"purchasable","13":"product-type-variable","14":"has-default-attributes"},"yoast_head":"<!-- This site is optimized with the Yoast SEO plugin v27.3 - https:\/\/yoast.com\/product\/yoast-seo-wordpress\/ -->\n<title>bravaria panties Jenny (2x) - bravaria<\/title>\n<meta name=\"robots\" content=\"index, follow, max-snippet:-1, max-image-preview:large, max-video-preview:-1\" \/>\n<link rel=\"canonical\" href=\"https:\/\/bravaria.de\/en\/shop\/bravaria-panties-jenny-2x\/\" \/>\n<meta property=\"og:locale\" content=\"en_US\" \/>\n<meta property=\"og:type\" content=\"article\" \/>\n<meta property=\"og:title\" content=\"bravaria panties Jenny (2x) - bravaria\" \/>\n<meta property=\"og:description\" content=\"Twice the impact! You can get our comfortable briefs in a double pack. \u2022 Tear-resistant, abrasion-proof and easy-care material \u2022 Elasticated, medium waistband \u2022 Machine wash possible \u2022 Easy to wear &quot;Jenny&quot; not only convinces by its pleasant wearing comfort, because the inserted lace on the leg gives it &quot;that certain something&quot;. We have refrained from unnecessary bling in the design, true to the motto &quot;BLACK to Basics&quot;. With lace and a small bow in the middle, &quot;Jenny&quot; is perfect for every occasion. Fun-Fact: Our briefs are named after our best friends. And the product description somehow also fits their personalities quiet well. \ud83d\ude09\" \/>\n<meta property=\"og:url\" content=\"https:\/\/bravaria.de\/en\/shop\/bravaria-panties-jenny-2x\/\" \/>\n<meta property=\"og:site_name\" content=\"bravaria\" \/>\n<meta property=\"article:publisher\" content=\"https:\/\/www.facebook.com\/bravariaShop\/\" \/>\n<meta property=\"article:modified_time\" content=\"2020-11-08T22:03:26+00:00\" \/>\n<meta property=\"og:image\" content=\"https:\/\/bravaria.de\/wp-content\/uploads\/2019\/02\/Jenny-BG.jpg\" \/>\n\t<meta property=\"og:image:width\" content=\"2319\" \/>\n\t<meta property=\"og:image:height\" content=\"1740\" \/>\n\t<meta property=\"og:image:type\" content=\"image\/jpeg\" \/>\n<meta name=\"twitter:card\" content=\"summary_large_image\" \/>\n<meta name=\"twitter:site\" content=\"@bravariashop\" \/>\n<meta name=\"twitter:label1\" content=\"Est. reading time\" \/>\n\t<meta name=\"twitter:data1\" content=\"1 minute\" \/>\n<script type=\"application\/ld+json\" class=\"yoast-schema-graph\">{\"@context\":\"https:\\\/\\\/schema.org\",\"@graph\":[{\"@type\":\"WebPage\",\"@id\":\"https:\\\/\\\/bravaria.de\\\/en\\\/shop\\\/bravaria-panties-jenny-2x\\\/\",\"url\":\"https:\\\/\\\/bravaria.de\\\/en\\\/shop\\\/bravaria-panties-jenny-2x\\\/\",\"name\":\"bravaria panties Jenny (2x) - bravaria\",\"isPartOf\":{\"@id\":\"https:\\\/\\\/bravaria.de\\\/en\\\/#website\"},\"primaryImageOfPage\":{\"@id\":\"https:\\\/\\\/bravaria.de\\\/en\\\/shop\\\/bravaria-panties-jenny-2x\\\/#primaryimage\"},\"image\":{\"@id\":\"https:\\\/\\\/bravaria.de\\\/en\\\/shop\\\/bravaria-panties-jenny-2x\\\/#primaryimage\"},\"thumbnailUrl\":\"https:\\\/\\\/bravaria.de\\\/wp-content\\\/uploads\\\/2019\\\/02\\\/Jenny-BG.jpg\",\"datePublished\":\"2019-02-18T20:26:16+00:00\",\"dateModified\":\"2020-11-08T22:03:26+00:00\",\"breadcrumb\":{\"@id\":\"https:\\\/\\\/bravaria.de\\\/en\\\/shop\\\/bravaria-panties-jenny-2x\\\/#breadcrumb\"},\"inLanguage\":\"en-US\",\"potentialAction\":[{\"@type\":\"ReadAction\",\"target\":[\"https:\\\/\\\/bravaria.de\\\/en\\\/shop\\\/bravaria-panties-jenny-2x\\\/\"]}]},{\"@type\":\"ImageObject\",\"inLanguage\":\"en-US\",\"@id\":\"https:\\\/\\\/bravaria.de\\\/en\\\/shop\\\/bravaria-panties-jenny-2x\\\/#primaryimage\",\"url\":\"https:\\\/\\\/bravaria.de\\\/wp-content\\\/uploads\\\/2019\\\/02\\\/Jenny-BG.jpg\",\"contentUrl\":\"https:\\\/\\\/bravaria.de\\\/wp-content\\\/uploads\\\/2019\\\/02\\\/Jenny-BG.jpg\",\"width\":2319,\"height\":1740},{\"@type\":\"BreadcrumbList\",\"@id\":\"https:\\\/\\\/bravaria.de\\\/en\\\/shop\\\/bravaria-panties-jenny-2x\\\/#breadcrumb\",\"itemListElement\":[{\"@type\":\"ListItem\",\"position\":1,\"name\":\"Startseite\",\"item\":\"https:\\\/\\\/bravaria.de\\\/en\\\/\"},{\"@type\":\"ListItem\",\"position\":2,\"name\":\"Shop\",\"item\":\"https:\\\/\\\/bravaria.de\\\/en\\\/shop-en\\\/\"},{\"@type\":\"ListItem\",\"position\":3,\"name\":\"bravaria panties Jenny (2x)\"}]},{\"@type\":\"WebSite\",\"@id\":\"https:\\\/\\\/bravaria.de\\\/en\\\/#website\",\"url\":\"https:\\\/\\\/bravaria.de\\\/en\\\/\",\"name\":\"bravaria\",\"description\":\"Der erste BH f\u00fcr unterschiedlich gro\u00dfe Br\u00fcste\",\"publisher\":{\"@id\":\"https:\\\/\\\/bravaria.de\\\/en\\\/#organization\"},\"potentialAction\":[{\"@type\":\"SearchAction\",\"target\":{\"@type\":\"EntryPoint\",\"urlTemplate\":\"https:\\\/\\\/bravaria.de\\\/en\\\/?s={search_term_string}\"},\"query-input\":{\"@type\":\"PropertyValueSpecification\",\"valueRequired\":true,\"valueName\":\"search_term_string\"}}],\"inLanguage\":\"en-US\"},{\"@type\":\"Organization\",\"@id\":\"https:\\\/\\\/bravaria.de\\\/en\\\/#organization\",\"name\":\"bravaria\",\"url\":\"https:\\\/\\\/bravaria.de\\\/en\\\/\",\"logo\":{\"@type\":\"ImageObject\",\"inLanguage\":\"en-US\",\"@id\":\"https:\\\/\\\/bravaria.de\\\/en\\\/#\\\/schema\\\/logo\\\/image\\\/\",\"url\":\"\",\"contentUrl\":\"\",\"caption\":\"bravaria\"},\"image\":{\"@id\":\"https:\\\/\\\/bravaria.de\\\/en\\\/#\\\/schema\\\/logo\\\/image\\\/\"},\"sameAs\":[\"https:\\\/\\\/www.facebook.com\\\/bravariaShop\\\/\",\"https:\\\/\\\/x.com\\\/bravariashop\",\"https:\\\/\\\/www.instagram.com\\\/bravariashop\\\/\",\"https:\\\/\\\/www.youtube.com\\\/channel\\\/UCbzdrYzyweObwB9Qr80qe9Q\"]}]}<\/script>\n<!-- \/ Yoast SEO plugin. -->","yoast_head_json":{"title":"bravaria panties Jenny (2x) - bravaria","robots":{"index":"index","follow":"follow","max-snippet":"max-snippet:-1","max-image-preview":"max-image-preview:large","max-video-preview":"max-video-preview:-1"},"canonical":"https:\/\/bravaria.de\/en\/shop\/bravaria-panties-jenny-2x\/","og_locale":"en_US","og_type":"article","og_title":"bravaria panties Jenny (2x) - bravaria","og_description":"Twice the impact! You can get our comfortable briefs in a double pack. \u2022 Tear-resistant, abrasion-proof and easy-care material \u2022 Elasticated, medium waistband \u2022 Machine wash possible \u2022 Easy to wear \"Jenny\" not only convinces by its pleasant wearing comfort, because the inserted lace on the leg gives it \"that certain something\". We have refrained from unnecessary bling in the design, true to the motto \"BLACK to Basics\". With lace and a small bow in the middle, \"Jenny\" is perfect for every occasion. Fun-Fact: Our briefs are named after our best friends. And the product description somehow also fits their personalities quiet well. \ud83d\ude09","og_url":"https:\/\/bravaria.de\/en\/shop\/bravaria-panties-jenny-2x\/","og_site_name":"bravaria","article_publisher":"https:\/\/www.facebook.com\/bravariaShop\/","article_modified_time":"2020-11-08T22:03:26+00:00","og_image":[{"width":2319,"height":1740,"url":"https:\/\/bravaria.de\/wp-content\/uploads\/2019\/02\/Jenny-BG.jpg","type":"image\/jpeg"}],"twitter_card":"summary_large_image","twitter_site":"@bravariashop","twitter_misc":{"Est. reading time":"1 minute"},"schema":{"@context":"https:\/\/schema.org","@graph":[{"@type":"WebPage","@id":"https:\/\/bravaria.de\/en\/shop\/bravaria-panties-jenny-2x\/","url":"https:\/\/bravaria.de\/en\/shop\/bravaria-panties-jenny-2x\/","name":"bravaria panties Jenny (2x) - bravaria","isPartOf":{"@id":"https:\/\/bravaria.de\/en\/#website"},"primaryImageOfPage":{"@id":"https:\/\/bravaria.de\/en\/shop\/bravaria-panties-jenny-2x\/#primaryimage"},"image":{"@id":"https:\/\/bravaria.de\/en\/shop\/bravaria-panties-jenny-2x\/#primaryimage"},"thumbnailUrl":"https:\/\/bravaria.de\/wp-content\/uploads\/2019\/02\/Jenny-BG.jpg","datePublished":"2019-02-18T20:26:16+00:00","dateModified":"2020-11-08T22:03:26+00:00","breadcrumb":{"@id":"https:\/\/bravaria.de\/en\/shop\/bravaria-panties-jenny-2x\/#breadcrumb"},"inLanguage":"en-US","potentialAction":[{"@type":"ReadAction","target":["https:\/\/bravaria.de\/en\/shop\/bravaria-panties-jenny-2x\/"]}]},{"@type":"ImageObject","inLanguage":"en-US","@id":"https:\/\/bravaria.de\/en\/shop\/bravaria-panties-jenny-2x\/#primaryimage","url":"https:\/\/bravaria.de\/wp-content\/uploads\/2019\/02\/Jenny-BG.jpg","contentUrl":"https:\/\/bravaria.de\/wp-content\/uploads\/2019\/02\/Jenny-BG.jpg","width":2319,"height":1740},{"@type":"BreadcrumbList","@id":"https:\/\/bravaria.de\/en\/shop\/bravaria-panties-jenny-2x\/#breadcrumb","itemListElement":[{"@type":"ListItem","position":1,"name":"Startseite","item":"https:\/\/bravaria.de\/en\/"},{"@type":"ListItem","position":2,"name":"Shop","item":"https:\/\/bravaria.de\/en\/shop-en\/"},{"@type":"ListItem","position":3,"name":"bravaria panties Jenny (2x)"}]},{"@type":"WebSite","@id":"https:\/\/bravaria.de\/en\/#website","url":"https:\/\/bravaria.de\/en\/","name":"bravaria","description":"Der erste BH f\u00fcr unterschiedlich gro\u00dfe Br\u00fcste","publisher":{"@id":"https:\/\/bravaria.de\/en\/#organization"},"potentialAction":[{"@type":"SearchAction","target":{"@type":"EntryPoint","urlTemplate":"https:\/\/bravaria.de\/en\/?s={search_term_string}"},"query-input":{"@type":"PropertyValueSpecification","valueRequired":true,"valueName":"search_term_string"}}],"inLanguage":"en-US"},{"@type":"Organization","@id":"https:\/\/bravaria.de\/en\/#organization","name":"bravaria","url":"https:\/\/bravaria.de\/en\/","logo":{"@type":"ImageObject","inLanguage":"en-US","@id":"https:\/\/bravaria.de\/en\/#\/schema\/logo\/image\/","url":"","contentUrl":"","caption":"bravaria"},"image":{"@id":"https:\/\/bravaria.de\/en\/#\/schema\/logo\/image\/"},"sameAs":["https:\/\/www.facebook.com\/bravariaShop\/","https:\/\/x.com\/bravariashop","https:\/\/www.instagram.com\/bravariashop\/","https:\/\/www.youtube.com\/channel\/UCbzdrYzyweObwB9Qr80qe9Q"]}]}},"_links":{"self":[{"href":"https:\/\/bravaria.de\/en\/wp-json\/wp\/v2\/product\/12492","targetHints":{"allow":["GET"]}}],"collection":[{"href":"https:\/\/bravaria.de\/en\/wp-json\/wp\/v2\/product"}],"about":[{"href":"https:\/\/bravaria.de\/en\/wp-json\/wp\/v2\/types\/product"}],"wp:featuredmedia":[{"embeddable":true,"href":"https:\/\/bravaria.de\/en\/wp-json\/wp\/v2\/media\/12493"}],"wp:attachment":[{"href":"https:\/\/bravaria.de\/en\/wp-json\/wp\/v2\/media?parent=12492"}],"wp:term":[{"taxonomy":"product_brand","embeddable":true,"href":"https:\/\/bravaria.de\/en\/wp-json\/wp\/v2\/product_brand?post=12492"},{"taxonomy":"product_cat","embeddable":true,"href":"https:\/\/bravaria.de\/en\/wp-json\/wp\/v2\/product_cat?post=12492"},{"taxonomy":"product_tag","embeddable":true,"href":"https:\/\/bravaria.de\/en\/wp-json\/wp\/v2\/product_tag?post=12492"}],"curies":[{"name":"wp","href":"https:\/\/api.w.org\/{rel}","templated":true}]}}