{"id":12472,"date":"2017-06-28T15:55:59","date_gmt":"2017-06-28T13:55:59","guid":{"rendered":"https:\/\/bravaria.de\/shop\/digital-voucher\/"},"modified":"2020-11-09T00:29:10","modified_gmt":"2020-11-08T22:29:10","slug":"digital-voucher","status":"publish","type":"product","link":"https:\/\/bravaria.de\/en\/shop\/digital-voucher\/","title":{"rendered":"Digital Voucher"},"content":{"rendered":"<p>[et_pb_section fb_built=&#8221;1&#8243; _builder_version=&#8221;4.6.6&#8243; custom_padding=&#8221;0px|||||&#8221;][et_pb_row _builder_version=&#8221;4.6.6&#8243; background_size=&#8221;initial&#8221; background_position=&#8221;top_left&#8221; background_repeat=&#8221;repeat&#8221; width=&#8221;100%&#8221; max_width=&#8221;80%&#8221; custom_padding=&#8221;0px||0px||false|false&#8221;][et_pb_column type=&#8221;4_4&#8243; _builder_version=&#8221;3.25&#8243; custom_padding=&#8221;|||&#8221; custom_padding__hover=&#8221;|||&#8221;][et_pb_wc_breadcrumb _builder_version=&#8221;3.0.47&#8243;][\/et_pb_wc_breadcrumb][et_pb_wc_cart_notice _builder_version=&#8221;3.0.47&#8243;][\/et_pb_wc_cart_notice][\/et_pb_column][\/et_pb_row][et_pb_row column_structure=&#8221;1_2,1_2&#8243; _builder_version=&#8221;4.6.6&#8243; background_size=&#8221;initial&#8221; background_position=&#8221;top_left&#8221; background_repeat=&#8221;repeat&#8221; width=&#8221;100%&#8221; max_width=&#8221;80%&#8221; custom_padding=&#8221;0px||||false|false&#8221;][et_pb_column type=&#8221;1_2&#8243; _builder_version=&#8221;3.25&#8243; custom_padding=&#8221;|||&#8221; custom_padding__hover=&#8221;|||&#8221;][et_pb_wc_images _builder_version=&#8221;3.0.47&#8243;][\/et_pb_wc_images][\/et_pb_column][et_pb_column type=&#8221;1_2&#8243; _builder_version=&#8221;3.25&#8243; custom_padding=&#8221;|||&#8221; custom_padding__hover=&#8221;|||&#8221;][et_pb_wc_title _builder_version=&#8221;3.0.47&#8243;][\/et_pb_wc_title][et_pb_wc_rating _builder_version=&#8221;3.0.47&#8243;][\/et_pb_wc_rating][et_pb_wc_price _builder_version=&#8221;3.0.47&#8243;][\/et_pb_wc_price][et_pb_text _builder_version=&#8221;4.6.5&#8243; _module_preset=&#8221;default&#8221; text_font_size=&#8221;14px&#8221;]<\/p>\n<p>Incl. VAT<\/p>\n<p>[\/et_pb_text][et_pb_wc_description _builder_version=&#8221;3.0.47&#8243;][\/et_pb_wc_description][et_pb_wc_add_to_cart _builder_version=&#8221;3.0.47&#8243;][\/et_pb_wc_add_to_cart][et_pb_wc_meta _builder_version=&#8221;3.0.47&#8243;][\/et_pb_wc_meta][\/et_pb_column][\/et_pb_row][et_pb_row _builder_version=&#8221;4.6.6&#8243; background_size=&#8221;initial&#8221; background_position=&#8221;top_left&#8221; background_repeat=&#8221;repeat&#8221; width=&#8221;100%&#8221; max_width=&#8221;80%&#8221;][et_pb_column type=&#8221;4_4&#8243; _builder_version=&#8221;3.25&#8243; custom_padding=&#8221;|||&#8221; custom_padding__hover=&#8221;|||&#8221;][et_pb_wc_tabs _builder_version=&#8221;3.0.47&#8243;]\t\t\t\t\t[\/et_pb_wc_tabs][et_pb_wc_upsells _builder_version=&#8221;3.0.47&#8243;][\/et_pb_wc_upsells][et_pb_wc_related_products _builder_version=&#8221;3.0.47&#8243;][\/et_pb_wc_related_products][\/et_pb_column][\/et_pb_row][\/et_pb_section]<\/p>\n","protected":false},"excerpt":{"rendered":"<p>Fancy something special but you don&#8217;t want to commit yourself? Very good, because finally there are vouchers for the undecided on bravaria! Select a voucher amount, enter the details of the lucky recipient and your personal dedication.<br \/>\nUnder &#8220;Delivery date&#8221; you can select the day on which the lucky one will automatically receive his \/ her digital gift card by email. &#8220;Happy birthday AFTERWARDS&#8221; is a thing of the past!<\/p>\n<p>If you want to send the voucher to yourself and print it out, simply enter yourself in the recipient address with the delivery date &#8220;now&#8221;.<\/p>\n","protected":false},"featured_media":12473,"template":"","meta":{"_et_pb_use_builder":"on","_et_pb_old_content":"","_et_gb_content_width":""},"product_brand":[],"product_cat":[133,136,135,134],"product_tag":[],"class_list":{"0":"post-12472","1":"product","2":"type-product","3":"status-publish","4":"has-post-thumbnail","6":"product_cat-bras","7":"product_cat-masks","8":"product_cat-panties","9":"product_cat-uncategorized","11":"first","12":"instock","13":"taxable","14":"shipping-taxable","15":"purchasable","16":"product-type-pw-gift-card","17":"has-default-attributes"},"yoast_head":"<!-- This site is optimized with the Yoast SEO plugin v27.3 - https:\/\/yoast.com\/product\/yoast-seo-wordpress\/ -->\n<title>Digital Voucher - bravaria<\/title>\n<meta name=\"robots\" content=\"index, follow, max-snippet:-1, max-image-preview:large, max-video-preview:-1\" \/>\n<link rel=\"canonical\" href=\"https:\/\/bravaria.de\/en\/shop\/digital-voucher\/\" \/>\n<meta property=\"og:locale\" content=\"en_US\" \/>\n<meta property=\"og:type\" content=\"article\" \/>\n<meta property=\"og:title\" content=\"Digital Voucher - bravaria\" \/>\n<meta property=\"og:description\" content=\"Fancy something special but you don&#039;t want to commit yourself? Very good, because finally there are vouchers for the undecided on bravaria! Select a voucher amount, enter the details of the lucky recipient and your personal dedication. Under &quot;Delivery date&quot; you can select the day on which the lucky one will automatically receive his \/ her digital gift card by email. &quot;Happy birthday AFTERWARDS&quot; is a thing of the past! If you want to send the voucher to yourself and print it out, simply enter yourself in the recipient address with the delivery date &quot;now&quot;.\" \/>\n<meta property=\"og:url\" content=\"https:\/\/bravaria.de\/en\/shop\/digital-voucher\/\" \/>\n<meta property=\"og:site_name\" content=\"bravaria\" \/>\n<meta property=\"article:publisher\" content=\"https:\/\/www.facebook.com\/bravariaShop\/\" \/>\n<meta property=\"article:modified_time\" content=\"2020-11-08T22:29:10+00:00\" \/>\n<meta property=\"og:image\" content=\"https:\/\/bravaria.de\/wp-content\/uploads\/2020\/06\/bravaria-Gutschein.jpg\" \/>\n\t<meta property=\"og:image:width\" content=\"800\" \/>\n\t<meta property=\"og:image:height\" content=\"600\" \/>\n\t<meta property=\"og:image:type\" content=\"image\/jpeg\" \/>\n<meta name=\"twitter:card\" content=\"summary_large_image\" \/>\n<meta name=\"twitter:site\" content=\"@bravariashop\" \/>\n<meta name=\"twitter:label1\" content=\"Est. reading time\" \/>\n\t<meta name=\"twitter:data1\" content=\"1 minute\" \/>\n<script type=\"application\/ld+json\" class=\"yoast-schema-graph\">{\"@context\":\"https:\\\/\\\/schema.org\",\"@graph\":[{\"@type\":\"WebPage\",\"@id\":\"https:\\\/\\\/bravaria.de\\\/en\\\/shop\\\/digital-voucher\\\/\",\"url\":\"https:\\\/\\\/bravaria.de\\\/en\\\/shop\\\/digital-voucher\\\/\",\"name\":\"Digital Voucher - bravaria\",\"isPartOf\":{\"@id\":\"https:\\\/\\\/bravaria.de\\\/en\\\/#website\"},\"primaryImageOfPage\":{\"@id\":\"https:\\\/\\\/bravaria.de\\\/en\\\/shop\\\/digital-voucher\\\/#primaryimage\"},\"image\":{\"@id\":\"https:\\\/\\\/bravaria.de\\\/en\\\/shop\\\/digital-voucher\\\/#primaryimage\"},\"thumbnailUrl\":\"https:\\\/\\\/bravaria.de\\\/wp-content\\\/uploads\\\/2020\\\/06\\\/bravaria-Gutschein.jpg\",\"datePublished\":\"2017-06-28T13:55:59+00:00\",\"dateModified\":\"2020-11-08T22:29:10+00:00\",\"breadcrumb\":{\"@id\":\"https:\\\/\\\/bravaria.de\\\/en\\\/shop\\\/digital-voucher\\\/#breadcrumb\"},\"inLanguage\":\"en-US\",\"potentialAction\":[{\"@type\":\"ReadAction\",\"target\":[\"https:\\\/\\\/bravaria.de\\\/en\\\/shop\\\/digital-voucher\\\/\"]}]},{\"@type\":\"ImageObject\",\"inLanguage\":\"en-US\",\"@id\":\"https:\\\/\\\/bravaria.de\\\/en\\\/shop\\\/digital-voucher\\\/#primaryimage\",\"url\":\"https:\\\/\\\/bravaria.de\\\/wp-content\\\/uploads\\\/2020\\\/06\\\/bravaria-Gutschein.jpg\",\"contentUrl\":\"https:\\\/\\\/bravaria.de\\\/wp-content\\\/uploads\\\/2020\\\/06\\\/bravaria-Gutschein.jpg\",\"width\":800,\"height\":600},{\"@type\":\"BreadcrumbList\",\"@id\":\"https:\\\/\\\/bravaria.de\\\/en\\\/shop\\\/digital-voucher\\\/#breadcrumb\",\"itemListElement\":[{\"@type\":\"ListItem\",\"position\":1,\"name\":\"Startseite\",\"item\":\"https:\\\/\\\/bravaria.de\\\/en\\\/\"},{\"@type\":\"ListItem\",\"position\":2,\"name\":\"Shop\",\"item\":\"https:\\\/\\\/bravaria.de\\\/en\\\/shop-en\\\/\"},{\"@type\":\"ListItem\",\"position\":3,\"name\":\"Digital Voucher\"}]},{\"@type\":\"WebSite\",\"@id\":\"https:\\\/\\\/bravaria.de\\\/en\\\/#website\",\"url\":\"https:\\\/\\\/bravaria.de\\\/en\\\/\",\"name\":\"bravaria\",\"description\":\"Der erste BH f\u00fcr unterschiedlich gro\u00dfe Br\u00fcste\",\"publisher\":{\"@id\":\"https:\\\/\\\/bravaria.de\\\/en\\\/#organization\"},\"potentialAction\":[{\"@type\":\"SearchAction\",\"target\":{\"@type\":\"EntryPoint\",\"urlTemplate\":\"https:\\\/\\\/bravaria.de\\\/en\\\/?s={search_term_string}\"},\"query-input\":{\"@type\":\"PropertyValueSpecification\",\"valueRequired\":true,\"valueName\":\"search_term_string\"}}],\"inLanguage\":\"en-US\"},{\"@type\":\"Organization\",\"@id\":\"https:\\\/\\\/bravaria.de\\\/en\\\/#organization\",\"name\":\"bravaria\",\"url\":\"https:\\\/\\\/bravaria.de\\\/en\\\/\",\"logo\":{\"@type\":\"ImageObject\",\"inLanguage\":\"en-US\",\"@id\":\"https:\\\/\\\/bravaria.de\\\/en\\\/#\\\/schema\\\/logo\\\/image\\\/\",\"url\":\"\",\"contentUrl\":\"\",\"caption\":\"bravaria\"},\"image\":{\"@id\":\"https:\\\/\\\/bravaria.de\\\/en\\\/#\\\/schema\\\/logo\\\/image\\\/\"},\"sameAs\":[\"https:\\\/\\\/www.facebook.com\\\/bravariaShop\\\/\",\"https:\\\/\\\/x.com\\\/bravariashop\",\"https:\\\/\\\/www.instagram.com\\\/bravariashop\\\/\",\"https:\\\/\\\/www.youtube.com\\\/channel\\\/UCbzdrYzyweObwB9Qr80qe9Q\"]}]}<\/script>\n<!-- \/ Yoast SEO plugin. -->","yoast_head_json":{"title":"Digital Voucher - bravaria","robots":{"index":"index","follow":"follow","max-snippet":"max-snippet:-1","max-image-preview":"max-image-preview:large","max-video-preview":"max-video-preview:-1"},"canonical":"https:\/\/bravaria.de\/en\/shop\/digital-voucher\/","og_locale":"en_US","og_type":"article","og_title":"Digital Voucher - bravaria","og_description":"Fancy something special but you don't want to commit yourself? Very good, because finally there are vouchers for the undecided on bravaria! Select a voucher amount, enter the details of the lucky recipient and your personal dedication. Under \"Delivery date\" you can select the day on which the lucky one will automatically receive his \/ her digital gift card by email. \"Happy birthday AFTERWARDS\" is a thing of the past! If you want to send the voucher to yourself and print it out, simply enter yourself in the recipient address with the delivery date \"now\".","og_url":"https:\/\/bravaria.de\/en\/shop\/digital-voucher\/","og_site_name":"bravaria","article_publisher":"https:\/\/www.facebook.com\/bravariaShop\/","article_modified_time":"2020-11-08T22:29:10+00:00","og_image":[{"width":800,"height":600,"url":"https:\/\/bravaria.de\/wp-content\/uploads\/2020\/06\/bravaria-Gutschein.jpg","type":"image\/jpeg"}],"twitter_card":"summary_large_image","twitter_site":"@bravariashop","twitter_misc":{"Est. reading time":"1 minute"},"schema":{"@context":"https:\/\/schema.org","@graph":[{"@type":"WebPage","@id":"https:\/\/bravaria.de\/en\/shop\/digital-voucher\/","url":"https:\/\/bravaria.de\/en\/shop\/digital-voucher\/","name":"Digital Voucher - bravaria","isPartOf":{"@id":"https:\/\/bravaria.de\/en\/#website"},"primaryImageOfPage":{"@id":"https:\/\/bravaria.de\/en\/shop\/digital-voucher\/#primaryimage"},"image":{"@id":"https:\/\/bravaria.de\/en\/shop\/digital-voucher\/#primaryimage"},"thumbnailUrl":"https:\/\/bravaria.de\/wp-content\/uploads\/2020\/06\/bravaria-Gutschein.jpg","datePublished":"2017-06-28T13:55:59+00:00","dateModified":"2020-11-08T22:29:10+00:00","breadcrumb":{"@id":"https:\/\/bravaria.de\/en\/shop\/digital-voucher\/#breadcrumb"},"inLanguage":"en-US","potentialAction":[{"@type":"ReadAction","target":["https:\/\/bravaria.de\/en\/shop\/digital-voucher\/"]}]},{"@type":"ImageObject","inLanguage":"en-US","@id":"https:\/\/bravaria.de\/en\/shop\/digital-voucher\/#primaryimage","url":"https:\/\/bravaria.de\/wp-content\/uploads\/2020\/06\/bravaria-Gutschein.jpg","contentUrl":"https:\/\/bravaria.de\/wp-content\/uploads\/2020\/06\/bravaria-Gutschein.jpg","width":800,"height":600},{"@type":"BreadcrumbList","@id":"https:\/\/bravaria.de\/en\/shop\/digital-voucher\/#breadcrumb","itemListElement":[{"@type":"ListItem","position":1,"name":"Startseite","item":"https:\/\/bravaria.de\/en\/"},{"@type":"ListItem","position":2,"name":"Shop","item":"https:\/\/bravaria.de\/en\/shop-en\/"},{"@type":"ListItem","position":3,"name":"Digital Voucher"}]},{"@type":"WebSite","@id":"https:\/\/bravaria.de\/en\/#website","url":"https:\/\/bravaria.de\/en\/","name":"bravaria","description":"Der erste BH f\u00fcr unterschiedlich gro\u00dfe Br\u00fcste","publisher":{"@id":"https:\/\/bravaria.de\/en\/#organization"},"potentialAction":[{"@type":"SearchAction","target":{"@type":"EntryPoint","urlTemplate":"https:\/\/bravaria.de\/en\/?s={search_term_string}"},"query-input":{"@type":"PropertyValueSpecification","valueRequired":true,"valueName":"search_term_string"}}],"inLanguage":"en-US"},{"@type":"Organization","@id":"https:\/\/bravaria.de\/en\/#organization","name":"bravaria","url":"https:\/\/bravaria.de\/en\/","logo":{"@type":"ImageObject","inLanguage":"en-US","@id":"https:\/\/bravaria.de\/en\/#\/schema\/logo\/image\/","url":"","contentUrl":"","caption":"bravaria"},"image":{"@id":"https:\/\/bravaria.de\/en\/#\/schema\/logo\/image\/"},"sameAs":["https:\/\/www.facebook.com\/bravariaShop\/","https:\/\/x.com\/bravariashop","https:\/\/www.instagram.com\/bravariashop\/","https:\/\/www.youtube.com\/channel\/UCbzdrYzyweObwB9Qr80qe9Q"]}]}},"_links":{"self":[{"href":"https:\/\/bravaria.de\/en\/wp-json\/wp\/v2\/product\/12472","targetHints":{"allow":["GET"]}}],"collection":[{"href":"https:\/\/bravaria.de\/en\/wp-json\/wp\/v2\/product"}],"about":[{"href":"https:\/\/bravaria.de\/en\/wp-json\/wp\/v2\/types\/product"}],"wp:featuredmedia":[{"embeddable":true,"href":"https:\/\/bravaria.de\/en\/wp-json\/wp\/v2\/media\/12473"}],"wp:attachment":[{"href":"https:\/\/bravaria.de\/en\/wp-json\/wp\/v2\/media?parent=12472"}],"wp:term":[{"taxonomy":"product_brand","embeddable":true,"href":"https:\/\/bravaria.de\/en\/wp-json\/wp\/v2\/product_brand?post=12472"},{"taxonomy":"product_cat","embeddable":true,"href":"https:\/\/bravaria.de\/en\/wp-json\/wp\/v2\/product_cat?post=12472"},{"taxonomy":"product_tag","embeddable":true,"href":"https:\/\/bravaria.de\/en\/wp-json\/wp\/v2\/product_tag?post=12472"}],"curies":[{"name":"wp","href":"https:\/\/api.w.org\/{rel}","templated":true}]}}