{"id":12428,"date":"2018-03-31T21:36:17","date_gmt":"2018-03-31T19:36:17","guid":{"rendered":"https:\/\/bravaria.de\/shipping-returns\/"},"modified":"2021-02-22T17:37:43","modified_gmt":"2021-02-22T15:37:43","slug":"shipping-returns","status":"publish","type":"page","link":"https:\/\/bravaria.de\/en\/shipping-returns\/","title":{"rendered":"Shipping &amp; returns"},"content":{"rendered":"<p>[et_pb_section fb_built=&#8221;1&#8243; _builder_version=&#8221;3.22.3&#8243;][et_pb_row column_structure=&#8221;3_4,1_4&#8243; _builder_version=&#8221;3.25&#8243;][et_pb_column type=&#8221;3_4&#8243; _builder_version=&#8221;3.25&#8243; custom_padding=&#8221;|||&#8221; custom_padding__hover=&#8221;|||&#8221;][et_pb_text _builder_version=&#8221;3.27.4&#8243; header_font=&#8221;||||||||&#8221; header_font_size=&#8221;40px&#8221;]<\/p>\n<h1>Lieferung &amp; Versand<\/h1>\n<p><strong><\/strong><\/p>\n<p><strong><\/strong><\/p>\n<p><strong style=\"font-size: 16px;\">Lieferung &amp; Versandkosten Deutschland &amp; \u00d6sterreich<\/strong><\/p>\n<p>Eine\u00a0Lieferung ist zum aktuellen Zeitpunkt\u00a0nur an Lieferadressen\u00a0innerhalb\u00a0Deutschlands &amp; \u00d6sterreich m\u00f6glich.<\/p>\n<p>Der Versand erfolgt regul\u00e4r innerhalb von 2-7 Werktagen\u00a0(inklusive Postlaufzeit). Innerhalb Deutschlands ist der Versand kostenfrei.\u00a0Bei Vorauskasse berechnet sich die Lieferzeit am dem\u00a0Zeitpunkt des Zahlungseingangs.<\/p>\n<p><span style=\"font-size: 16px;\">Der Retoure-Versand ist <strong>innerhalb Deutschlands<\/strong> kostenlos.<\/span><span style=\"font-size: 16px;\">\u00a0F\u00fcr Retouren aus \u00d6sterreich m\u00fcssen die Versandkosten leider selbst getragen werden.<\/span><\/p>\n<p>&nbsp;<\/p>\n<p>[\/et_pb_text][\/et_pb_column][et_pb_column type=&#8221;1_4&#8243; _builder_version=&#8221;3.25&#8243; custom_padding=&#8221;|||&#8221; custom_padding__hover=&#8221;|||&#8221;][\/et_pb_column][\/et_pb_row][et_pb_row column_structure=&#8221;3_4,1_4&#8243; _builder_version=&#8221;4.6.5&#8243; _module_preset=&#8221;default&#8221;][et_pb_column type=&#8221;3_4&#8243; _builder_version=&#8221;4.6.5&#8243; _module_preset=&#8221;default&#8221;][et_pb_text _builder_version=&#8221;4.6.5&#8243; header_font=&#8221;||||||||&#8221; header_font_size=&#8221;40px&#8221;]<\/p>\n<p><strong style=\"font-size: 16px;\">Lieferung &amp; Versand in die Schweiz<\/strong><\/p>\n<p>F\u00fcr Lieferungen in die Schweiz empfehlen wir Ihnen den Service von <a href=\"https:\/\/www.MeinEinkauf.ch\">MeinEinkauf.ch<\/a> zu nutzen. Alle Informationen finden Sie unter MeinEinkauf.ch. Alle Zollformalit\u00e4ten und die Lieferung zu Ihrer Haust\u00fcr \u00fcbernimmt dann gegen eine geringe Geb\u00fchr MeinEinkauf.ch. Ihre Ware erhalten Sie schnell, fertig verzollt und g\u00fcnstig.<\/p>\n<p>Wie das geht, erfahren Sie <a href=\"https:\/\/meineinkauf.ch\/bestellen\/bravaria-schweiz\" target=\"_blank\" rel=\"noopener noreferrer\">hier<\/a>.<\/p>\n<p>[\/et_pb_text][\/et_pb_column][et_pb_column type=&#8221;1_4&#8243; _builder_version=&#8221;4.6.5&#8243; _module_preset=&#8221;default&#8221;][et_pb_image src=&#8221;https:\/\/bravaria.de\/wp-content\/uploads\/2020\/10\/Logo-MeinEinkauf.ch-freigestellt-LEM.png&#8221; title_text=&#8221;Logo MeinEinkauf.ch freigestellt LEM&#8221; url=&#8221;https:\/\/meineinkauf.ch\/bestellen\/bravaria-schweiz&#8221; url_new_window=&#8221;on&#8221; _builder_version=&#8221;4.6.5&#8243; _module_preset=&#8221;default&#8221;][\/et_pb_image][\/et_pb_column][\/et_pb_row][\/et_pb_section]<\/p>\n","protected":false},"excerpt":{"rendered":"<p>Lieferung &amp; Versand Lieferung &amp; Versandkosten Deutschland &amp; \u00d6sterreich Eine\u00a0Lieferung ist zum aktuellen Zeitpunkt\u00a0nur an Lieferadressen\u00a0innerhalb\u00a0Deutschlands &amp; \u00d6sterreich m\u00f6glich. Der Versand erfolgt regul\u00e4r innerhalb von 2-7 Werktagen\u00a0(inklusive Postlaufzeit). Innerhalb Deutschlands ist der Versand kostenfrei.\u00a0Bei Vorauskasse berechnet sich die Lieferzeit am dem\u00a0Zeitpunkt des Zahlungseingangs. Der Retoure-Versand ist innerhalb Deutschlands kostenlos.\u00a0F\u00fcr Retouren aus \u00d6sterreich m\u00fcssen die Versandkosten [&hellip;]<\/p>\n","protected":false},"author":683,"featured_media":0,"parent":0,"menu_order":0,"comment_status":"closed","ping_status":"closed","template":"","meta":{"_et_pb_use_builder":"on","_et_pb_old_content":"","_et_gb_content_width":"","footnotes":""},"class_list":["post-12428","page","type-page","status-publish","hentry"],"yoast_head":"<!-- This site is optimized with the Yoast SEO plugin v27.4 - https:\/\/yoast.com\/product\/yoast-seo-wordpress\/ -->\n<title>Shipping &amp; returns - bravaria<\/title>\n<meta name=\"robots\" content=\"noindex, follow\" \/>\n<meta property=\"og:locale\" content=\"en_US\" \/>\n<meta property=\"og:type\" content=\"article\" \/>\n<meta property=\"og:title\" content=\"Shipping &amp; returns - bravaria\" \/>\n<meta property=\"og:description\" content=\"Lieferung &amp; Versand Lieferung &amp; Versandkosten Deutschland &amp; \u00d6sterreich Eine\u00a0Lieferung ist zum aktuellen Zeitpunkt\u00a0nur an Lieferadressen\u00a0innerhalb\u00a0Deutschlands &amp; \u00d6sterreich m\u00f6glich. Der Versand erfolgt regul\u00e4r innerhalb von 2-7 Werktagen\u00a0(inklusive Postlaufzeit). Innerhalb Deutschlands ist der Versand kostenfrei.\u00a0Bei Vorauskasse berechnet sich die Lieferzeit am dem\u00a0Zeitpunkt des Zahlungseingangs. Der Retoure-Versand ist innerhalb Deutschlands kostenlos.\u00a0F\u00fcr Retouren aus \u00d6sterreich m\u00fcssen die Versandkosten [&hellip;]\" \/>\n<meta property=\"og:url\" content=\"https:\/\/bravaria.de\/en\/shipping-returns\/\" \/>\n<meta property=\"og:site_name\" content=\"bravaria\" \/>\n<meta property=\"article:publisher\" content=\"https:\/\/www.facebook.com\/bravariaShop\/\" \/>\n<meta property=\"article:modified_time\" content=\"2021-02-22T15:37:43+00:00\" \/>\n<meta property=\"og:image\" content=\"https:\/\/bravaria.de\/wp-content\/uploads\/2013\/06\/bravaria-BH-produkt-bild-scaled.jpg\" \/>\n\t<meta property=\"og:image:width\" content=\"1599\" \/>\n\t<meta property=\"og:image:height\" content=\"1200\" \/>\n\t<meta property=\"og:image:type\" content=\"image\/jpeg\" \/>\n<meta name=\"twitter:card\" content=\"summary_large_image\" \/>\n<meta name=\"twitter:site\" content=\"@bravariashop\" \/>\n<meta name=\"twitter:label1\" content=\"Est. reading time\" \/>\n\t<meta name=\"twitter:data1\" content=\"1 minute\" \/>\n<script type=\"application\/ld+json\" class=\"yoast-schema-graph\">{\"@context\":\"https:\\\/\\\/schema.org\",\"@graph\":[{\"@type\":\"WebPage\",\"@id\":\"https:\\\/\\\/bravaria.de\\\/en\\\/shipping-returns\\\/\",\"url\":\"https:\\\/\\\/bravaria.de\\\/en\\\/shipping-returns\\\/\",\"name\":\"Shipping &amp; returns - bravaria\",\"isPartOf\":{\"@id\":\"https:\\\/\\\/bravaria.de\\\/en\\\/#website\"},\"datePublished\":\"2018-03-31T19:36:17+00:00\",\"dateModified\":\"2021-02-22T15:37:43+00:00\",\"breadcrumb\":{\"@id\":\"https:\\\/\\\/bravaria.de\\\/en\\\/shipping-returns\\\/#breadcrumb\"},\"inLanguage\":\"en-US\",\"potentialAction\":[{\"@type\":\"ReadAction\",\"target\":[\"https:\\\/\\\/bravaria.de\\\/en\\\/shipping-returns\\\/\"]}]},{\"@type\":\"BreadcrumbList\",\"@id\":\"https:\\\/\\\/bravaria.de\\\/en\\\/shipping-returns\\\/#breadcrumb\",\"itemListElement\":[{\"@type\":\"ListItem\",\"position\":1,\"name\":\"Startseite\",\"item\":\"https:\\\/\\\/bravaria.de\\\/en\\\/\"},{\"@type\":\"ListItem\",\"position\":2,\"name\":\"Shipping &amp; returns\"}]},{\"@type\":\"WebSite\",\"@id\":\"https:\\\/\\\/bravaria.de\\\/en\\\/#website\",\"url\":\"https:\\\/\\\/bravaria.de\\\/en\\\/\",\"name\":\"bravaria\",\"description\":\"Der erste BH f\u00fcr unterschiedlich gro\u00dfe Br\u00fcste\",\"publisher\":{\"@id\":\"https:\\\/\\\/bravaria.de\\\/en\\\/#organization\"},\"potentialAction\":[{\"@type\":\"SearchAction\",\"target\":{\"@type\":\"EntryPoint\",\"urlTemplate\":\"https:\\\/\\\/bravaria.de\\\/en\\\/?s={search_term_string}\"},\"query-input\":{\"@type\":\"PropertyValueSpecification\",\"valueRequired\":true,\"valueName\":\"search_term_string\"}}],\"inLanguage\":\"en-US\"},{\"@type\":\"Organization\",\"@id\":\"https:\\\/\\\/bravaria.de\\\/en\\\/#organization\",\"name\":\"bravaria\",\"url\":\"https:\\\/\\\/bravaria.de\\\/en\\\/\",\"logo\":{\"@type\":\"ImageObject\",\"inLanguage\":\"en-US\",\"@id\":\"https:\\\/\\\/bravaria.de\\\/en\\\/#\\\/schema\\\/logo\\\/image\\\/\",\"url\":\"\",\"contentUrl\":\"\",\"caption\":\"bravaria\"},\"image\":{\"@id\":\"https:\\\/\\\/bravaria.de\\\/en\\\/#\\\/schema\\\/logo\\\/image\\\/\"},\"sameAs\":[\"https:\\\/\\\/www.facebook.com\\\/bravariaShop\\\/\",\"https:\\\/\\\/x.com\\\/bravariashop\",\"https:\\\/\\\/www.instagram.com\\\/bravariashop\\\/\",\"https:\\\/\\\/www.youtube.com\\\/channel\\\/UCbzdrYzyweObwB9Qr80qe9Q\"]}]}<\/script>\n<!-- \/ Yoast SEO plugin. -->","yoast_head_json":{"title":"Shipping &amp; returns - bravaria","robots":{"index":"noindex","follow":"follow"},"og_locale":"en_US","og_type":"article","og_title":"Shipping &amp; returns - bravaria","og_description":"Lieferung &amp; Versand Lieferung &amp; Versandkosten Deutschland &amp; \u00d6sterreich Eine\u00a0Lieferung ist zum aktuellen Zeitpunkt\u00a0nur an Lieferadressen\u00a0innerhalb\u00a0Deutschlands &amp; \u00d6sterreich m\u00f6glich. Der Versand erfolgt regul\u00e4r innerhalb von 2-7 Werktagen\u00a0(inklusive Postlaufzeit). Innerhalb Deutschlands ist der Versand kostenfrei.\u00a0Bei Vorauskasse berechnet sich die Lieferzeit am dem\u00a0Zeitpunkt des Zahlungseingangs. Der Retoure-Versand ist innerhalb Deutschlands kostenlos.\u00a0F\u00fcr Retouren aus \u00d6sterreich m\u00fcssen die Versandkosten [&hellip;]","og_url":"https:\/\/bravaria.de\/en\/shipping-returns\/","og_site_name":"bravaria","article_publisher":"https:\/\/www.facebook.com\/bravariaShop\/","article_modified_time":"2021-02-22T15:37:43+00:00","og_image":[{"width":1599,"height":1200,"url":"https:\/\/bravaria.de\/wp-content\/uploads\/2013\/06\/bravaria-BH-produkt-bild-scaled.jpg","type":"image\/jpeg"}],"twitter_card":"summary_large_image","twitter_site":"@bravariashop","twitter_misc":{"Est. reading time":"1 minute"},"schema":{"@context":"https:\/\/schema.org","@graph":[{"@type":"WebPage","@id":"https:\/\/bravaria.de\/en\/shipping-returns\/","url":"https:\/\/bravaria.de\/en\/shipping-returns\/","name":"Shipping &amp; returns - bravaria","isPartOf":{"@id":"https:\/\/bravaria.de\/en\/#website"},"datePublished":"2018-03-31T19:36:17+00:00","dateModified":"2021-02-22T15:37:43+00:00","breadcrumb":{"@id":"https:\/\/bravaria.de\/en\/shipping-returns\/#breadcrumb"},"inLanguage":"en-US","potentialAction":[{"@type":"ReadAction","target":["https:\/\/bravaria.de\/en\/shipping-returns\/"]}]},{"@type":"BreadcrumbList","@id":"https:\/\/bravaria.de\/en\/shipping-returns\/#breadcrumb","itemListElement":[{"@type":"ListItem","position":1,"name":"Startseite","item":"https:\/\/bravaria.de\/en\/"},{"@type":"ListItem","position":2,"name":"Shipping &amp; returns"}]},{"@type":"WebSite","@id":"https:\/\/bravaria.de\/en\/#website","url":"https:\/\/bravaria.de\/en\/","name":"bravaria","description":"Der erste BH f\u00fcr unterschiedlich gro\u00dfe Br\u00fcste","publisher":{"@id":"https:\/\/bravaria.de\/en\/#organization"},"potentialAction":[{"@type":"SearchAction","target":{"@type":"EntryPoint","urlTemplate":"https:\/\/bravaria.de\/en\/?s={search_term_string}"},"query-input":{"@type":"PropertyValueSpecification","valueRequired":true,"valueName":"search_term_string"}}],"inLanguage":"en-US"},{"@type":"Organization","@id":"https:\/\/bravaria.de\/en\/#organization","name":"bravaria","url":"https:\/\/bravaria.de\/en\/","logo":{"@type":"ImageObject","inLanguage":"en-US","@id":"https:\/\/bravaria.de\/en\/#\/schema\/logo\/image\/","url":"","contentUrl":"","caption":"bravaria"},"image":{"@id":"https:\/\/bravaria.de\/en\/#\/schema\/logo\/image\/"},"sameAs":["https:\/\/www.facebook.com\/bravariaShop\/","https:\/\/x.com\/bravariashop","https:\/\/www.instagram.com\/bravariashop\/","https:\/\/www.youtube.com\/channel\/UCbzdrYzyweObwB9Qr80qe9Q"]}]}},"_links":{"self":[{"href":"https:\/\/bravaria.de\/en\/wp-json\/wp\/v2\/pages\/12428","targetHints":{"allow":["GET"]}}],"collection":[{"href":"https:\/\/bravaria.de\/en\/wp-json\/wp\/v2\/pages"}],"about":[{"href":"https:\/\/bravaria.de\/en\/wp-json\/wp\/v2\/types\/page"}],"author":[{"embeddable":true,"href":"https:\/\/bravaria.de\/en\/wp-json\/wp\/v2\/users\/683"}],"replies":[{"embeddable":true,"href":"https:\/\/bravaria.de\/en\/wp-json\/wp\/v2\/comments?post=12428"}],"version-history":[{"count":0,"href":"https:\/\/bravaria.de\/en\/wp-json\/wp\/v2\/pages\/12428\/revisions"}],"wp:attachment":[{"href":"https:\/\/bravaria.de\/en\/wp-json\/wp\/v2\/media?parent=12428"}],"curies":[{"name":"wp","href":"https:\/\/api.w.org\/{rel}","templated":true}]}}