{"id":12418,"date":"2017-05-04T14:36:46","date_gmt":"2017-05-04T12:36:46","guid":{"rendered":"https:\/\/bravaria.de\/payment\/"},"modified":"2020-09-03T21:06:40","modified_gmt":"2020-09-03T19:06:40","slug":"payment","status":"publish","type":"page","link":"https:\/\/bravaria.de\/en\/payment\/","title":{"rendered":"Payment"},"content":{"rendered":"<p>[et_pb_section fb_built=&#8221;1&#8243; _builder_version=&#8221;3.19.6&#8243;][et_pb_row _builder_version=&#8221;3.19.6&#8243;][et_pb_column type=&#8221;4_4&#8243; _builder_version=&#8221;3.19.6&#8243; parallax=&#8221;off&#8221; parallax_method=&#8221;on&#8221;][et_pb_text _builder_version=&#8221;3.15&#8243;]<\/p>\n<p>&nbsp;<\/p>\n<p><strong>Payment Methods<\/strong><\/p>\n<p>With us you can pay with prepayment, <a class=\"_ps2id\" href=\"https:\/\/www.paypal.com\/de\/webapps\/mpp\/paypal-popup\">PayPal<\/a>, direct debit and credit card.<\/p>\n<p>When paying in advance, please use the order number as the intended purpose. Your order will only be sent after the money has been received on our account.<\/p>\n<p>&nbsp;<\/p>\n<p>&nbsp;<\/p>\n<p>&nbsp;<\/p>\n<p>[\/et_pb_text][\/et_pb_column][\/et_pb_row][\/et_pb_section]<\/p>\n","protected":false},"excerpt":{"rendered":"<p>&nbsp; Payment Methods With us you can pay with prepayment, PayPal, direct debit and credit card. When paying in advance, please use the order number as the intended purpose. Your order will only be sent after the money has been received on our account. &nbsp; &nbsp; &nbsp;<\/p>\n","protected":false},"author":683,"featured_media":0,"parent":0,"menu_order":0,"comment_status":"closed","ping_status":"closed","template":"","meta":{"_et_pb_use_builder":"on","_et_pb_old_content":"","_et_gb_content_width":"","footnotes":""},"class_list":["post-12418","page","type-page","status-publish","hentry"],"yoast_head":"<!-- This site is optimized with the Yoast SEO plugin v27.4 - https:\/\/yoast.com\/product\/yoast-seo-wordpress\/ -->\n<title>Payment - bravaria<\/title>\n<meta name=\"robots\" content=\"noindex, follow\" \/>\n<meta property=\"og:locale\" content=\"en_US\" \/>\n<meta property=\"og:type\" content=\"article\" \/>\n<meta property=\"og:title\" content=\"Payment - bravaria\" \/>\n<meta property=\"og:description\" content=\"&nbsp; Payment Methods With us you can pay with prepayment, PayPal, direct debit and credit card. When paying in advance, please use the order number as the intended purpose. Your order will only be sent after the money has been received on our account. &nbsp; &nbsp; &nbsp;\" \/>\n<meta property=\"og:url\" content=\"https:\/\/bravaria.de\/en\/payment\/\" \/>\n<meta property=\"og:site_name\" content=\"bravaria\" \/>\n<meta property=\"article:publisher\" content=\"https:\/\/www.facebook.com\/bravariaShop\/\" \/>\n<meta property=\"article:modified_time\" content=\"2020-09-03T19:06:40+00:00\" \/>\n<meta property=\"og:image\" content=\"https:\/\/bravaria.de\/wp-content\/uploads\/2013\/06\/bravaria-BH-produkt-bild-scaled.jpg\" \/>\n\t<meta property=\"og:image:width\" content=\"1599\" \/>\n\t<meta property=\"og:image:height\" content=\"1200\" \/>\n\t<meta property=\"og:image:type\" content=\"image\/jpeg\" \/>\n<meta name=\"twitter:card\" content=\"summary_large_image\" \/>\n<meta name=\"twitter:site\" content=\"@bravariashop\" \/>\n<script type=\"application\/ld+json\" class=\"yoast-schema-graph\">{\"@context\":\"https:\\\/\\\/schema.org\",\"@graph\":[{\"@type\":\"WebPage\",\"@id\":\"https:\\\/\\\/bravaria.de\\\/en\\\/payment\\\/\",\"url\":\"https:\\\/\\\/bravaria.de\\\/en\\\/payment\\\/\",\"name\":\"Payment - bravaria\",\"isPartOf\":{\"@id\":\"https:\\\/\\\/bravaria.de\\\/en\\\/#website\"},\"datePublished\":\"2017-05-04T12:36:46+00:00\",\"dateModified\":\"2020-09-03T19:06:40+00:00\",\"breadcrumb\":{\"@id\":\"https:\\\/\\\/bravaria.de\\\/en\\\/payment\\\/#breadcrumb\"},\"inLanguage\":\"en-US\",\"potentialAction\":[{\"@type\":\"ReadAction\",\"target\":[\"https:\\\/\\\/bravaria.de\\\/en\\\/payment\\\/\"]}]},{\"@type\":\"BreadcrumbList\",\"@id\":\"https:\\\/\\\/bravaria.de\\\/en\\\/payment\\\/#breadcrumb\",\"itemListElement\":[{\"@type\":\"ListItem\",\"position\":1,\"name\":\"Startseite\",\"item\":\"https:\\\/\\\/bravaria.de\\\/en\\\/\"},{\"@type\":\"ListItem\",\"position\":2,\"name\":\"Payment\"}]},{\"@type\":\"WebSite\",\"@id\":\"https:\\\/\\\/bravaria.de\\\/en\\\/#website\",\"url\":\"https:\\\/\\\/bravaria.de\\\/en\\\/\",\"name\":\"bravaria\",\"description\":\"Der erste BH f\u00fcr unterschiedlich gro\u00dfe Br\u00fcste\",\"publisher\":{\"@id\":\"https:\\\/\\\/bravaria.de\\\/en\\\/#organization\"},\"potentialAction\":[{\"@type\":\"SearchAction\",\"target\":{\"@type\":\"EntryPoint\",\"urlTemplate\":\"https:\\\/\\\/bravaria.de\\\/en\\\/?s={search_term_string}\"},\"query-input\":{\"@type\":\"PropertyValueSpecification\",\"valueRequired\":true,\"valueName\":\"search_term_string\"}}],\"inLanguage\":\"en-US\"},{\"@type\":\"Organization\",\"@id\":\"https:\\\/\\\/bravaria.de\\\/en\\\/#organization\",\"name\":\"bravaria\",\"url\":\"https:\\\/\\\/bravaria.de\\\/en\\\/\",\"logo\":{\"@type\":\"ImageObject\",\"inLanguage\":\"en-US\",\"@id\":\"https:\\\/\\\/bravaria.de\\\/en\\\/#\\\/schema\\\/logo\\\/image\\\/\",\"url\":\"\",\"contentUrl\":\"\",\"caption\":\"bravaria\"},\"image\":{\"@id\":\"https:\\\/\\\/bravaria.de\\\/en\\\/#\\\/schema\\\/logo\\\/image\\\/\"},\"sameAs\":[\"https:\\\/\\\/www.facebook.com\\\/bravariaShop\\\/\",\"https:\\\/\\\/x.com\\\/bravariashop\",\"https:\\\/\\\/www.instagram.com\\\/bravariashop\\\/\",\"https:\\\/\\\/www.youtube.com\\\/channel\\\/UCbzdrYzyweObwB9Qr80qe9Q\"]}]}<\/script>\n<!-- \/ Yoast SEO plugin. -->","yoast_head_json":{"title":"Payment - bravaria","robots":{"index":"noindex","follow":"follow"},"og_locale":"en_US","og_type":"article","og_title":"Payment - bravaria","og_description":"&nbsp; Payment Methods With us you can pay with prepayment, PayPal, direct debit and credit card. When paying in advance, please use the order number as the intended purpose. Your order will only be sent after the money has been received on our account. &nbsp; &nbsp; &nbsp;","og_url":"https:\/\/bravaria.de\/en\/payment\/","og_site_name":"bravaria","article_publisher":"https:\/\/www.facebook.com\/bravariaShop\/","article_modified_time":"2020-09-03T19:06:40+00:00","og_image":[{"width":1599,"height":1200,"url":"https:\/\/bravaria.de\/wp-content\/uploads\/2013\/06\/bravaria-BH-produkt-bild-scaled.jpg","type":"image\/jpeg"}],"twitter_card":"summary_large_image","twitter_site":"@bravariashop","schema":{"@context":"https:\/\/schema.org","@graph":[{"@type":"WebPage","@id":"https:\/\/bravaria.de\/en\/payment\/","url":"https:\/\/bravaria.de\/en\/payment\/","name":"Payment - bravaria","isPartOf":{"@id":"https:\/\/bravaria.de\/en\/#website"},"datePublished":"2017-05-04T12:36:46+00:00","dateModified":"2020-09-03T19:06:40+00:00","breadcrumb":{"@id":"https:\/\/bravaria.de\/en\/payment\/#breadcrumb"},"inLanguage":"en-US","potentialAction":[{"@type":"ReadAction","target":["https:\/\/bravaria.de\/en\/payment\/"]}]},{"@type":"BreadcrumbList","@id":"https:\/\/bravaria.de\/en\/payment\/#breadcrumb","itemListElement":[{"@type":"ListItem","position":1,"name":"Startseite","item":"https:\/\/bravaria.de\/en\/"},{"@type":"ListItem","position":2,"name":"Payment"}]},{"@type":"WebSite","@id":"https:\/\/bravaria.de\/en\/#website","url":"https:\/\/bravaria.de\/en\/","name":"bravaria","description":"Der erste BH f\u00fcr unterschiedlich gro\u00dfe Br\u00fcste","publisher":{"@id":"https:\/\/bravaria.de\/en\/#organization"},"potentialAction":[{"@type":"SearchAction","target":{"@type":"EntryPoint","urlTemplate":"https:\/\/bravaria.de\/en\/?s={search_term_string}"},"query-input":{"@type":"PropertyValueSpecification","valueRequired":true,"valueName":"search_term_string"}}],"inLanguage":"en-US"},{"@type":"Organization","@id":"https:\/\/bravaria.de\/en\/#organization","name":"bravaria","url":"https:\/\/bravaria.de\/en\/","logo":{"@type":"ImageObject","inLanguage":"en-US","@id":"https:\/\/bravaria.de\/en\/#\/schema\/logo\/image\/","url":"","contentUrl":"","caption":"bravaria"},"image":{"@id":"https:\/\/bravaria.de\/en\/#\/schema\/logo\/image\/"},"sameAs":["https:\/\/www.facebook.com\/bravariaShop\/","https:\/\/x.com\/bravariashop","https:\/\/www.instagram.com\/bravariashop\/","https:\/\/www.youtube.com\/channel\/UCbzdrYzyweObwB9Qr80qe9Q"]}]}},"_links":{"self":[{"href":"https:\/\/bravaria.de\/en\/wp-json\/wp\/v2\/pages\/12418","targetHints":{"allow":["GET"]}}],"collection":[{"href":"https:\/\/bravaria.de\/en\/wp-json\/wp\/v2\/pages"}],"about":[{"href":"https:\/\/bravaria.de\/en\/wp-json\/wp\/v2\/types\/page"}],"author":[{"embeddable":true,"href":"https:\/\/bravaria.de\/en\/wp-json\/wp\/v2\/users\/683"}],"replies":[{"embeddable":true,"href":"https:\/\/bravaria.de\/en\/wp-json\/wp\/v2\/comments?post=12418"}],"version-history":[{"count":0,"href":"https:\/\/bravaria.de\/en\/wp-json\/wp\/v2\/pages\/12418\/revisions"}],"wp:attachment":[{"href":"https:\/\/bravaria.de\/en\/wp-json\/wp\/v2\/media?parent=12418"}],"curies":[{"name":"wp","href":"https:\/\/api.w.org\/{rel}","templated":true}]}}