{"id":12403,"date":"2017-08-10T21:43:55","date_gmt":"2017-08-10T19:43:55","guid":{"rendered":"https:\/\/bravaria.de\/newsletter\/"},"modified":"2020-09-03T21:04:59","modified_gmt":"2020-09-03T19:04:59","slug":"newsletter","status":"publish","type":"page","link":"https:\/\/bravaria.de\/en\/newsletter\/","title":{"rendered":"Newsletter"},"content":{"rendered":"<p>[et_pb_section fb_built=&#8221;1&#8243; custom_padding_last_edited=&#8221;on|tablet&#8221; admin_label=&#8221;Memberships&#8221; _builder_version=&#8221;4.0.9&#8243; use_background_color_gradient=&#8221;on&#8221; background_color_gradient_start=&#8221;#edf0f2&#8243; background_color_gradient_end=&#8221;rgba(217,222,225,0)&#8221; background_color_gradient_type=&#8221;radial&#8221; background_color_gradient_direction_radial=&#8221;left&#8221; background_color_gradient_start_position=&#8221;25%&#8221; background_color_gradient_end_position=&#8221;80%&#8221; background_color_gradient_overlays_image=&#8221;on&#8221; background_image=&#8221;https:\/\/bravaria.de\/wp-content\/uploads\/2019\/12\/DSC_9126-scaled.jpg&#8221; custom_margin=&#8221;-92px|||||&#8221; custom_padding=&#8221;26vw||6vw||false|false&#8221; custom_padding_tablet=&#8221;28vw||||false&#8221; custom_padding_phone=&#8221;38vw||&#8221; border_radii=&#8221;||||16vw&#8221; locked=&#8221;off&#8221;][et_pb_row column_structure=&#8221;3_5,2_5&#8243; _builder_version=&#8221;4.0.9&#8243; locked=&#8221;off&#8221;][et_pb_column type=&#8221;3_5&#8243; _builder_version=&#8221;4.0.9&#8243; custom_padding=&#8221;|||&#8221; custom_padding__hover=&#8221;|||&#8221;][et_pb_text _builder_version=&#8221;4.0.9&#8243; text_font=&#8221;Open Sans||||||||&#8221; text_line_height=&#8221;2em&#8221; header_font=&#8221;||||||||&#8221; header_2_font=&#8221;Prata||||||||&#8221; header_2_font_size=&#8221;50px&#8221; header_2_line_height=&#8221;1.4em&#8221; header_3_font=&#8221;Open Sans|700||on|||||&#8221; header_3_font_size=&#8221;14px&#8221; header_3_letter_spacing=&#8221;5px&#8221; header_3_line_height=&#8221;1.8em&#8221; max_width=&#8221;600px&#8221; animation_style=&#8221;zoom&#8221; animation_intensity_zoom=&#8221;5%&#8221; hover_enabled=&#8221;0&#8243; header_2_font_size_tablet=&#8221;40px&#8221; header_2_font_size_phone=&#8221;28px&#8221; header_2_font_size_last_edited=&#8221;on|phone&#8221; header_3_font_size_tablet=&#8221;&#8221; header_3_font_size_phone=&#8221;10px&#8221; header_3_font_size_last_edited=&#8221;on|phone&#8221; locked=&#8221;off&#8221; header_5_font_size__hover=&#8221;16px&#8221; header_5_font_size__hover_enabled=&#8221;16px&#8221; header_5_letter_spacing__hover=&#8221;0px&#8221; header_5_letter_spacing__hover_enabled=&#8221;0px&#8221; header_5_line_height__hover=&#8221;1em&#8221; header_5_line_height__hover_enabled=&#8221;1em&#8221; header_5_text_shadow_style__hover=&#8221;none&#8221; header_5_text_shadow_style__hover_enabled=&#8221;none&#8221; header_5_text_shadow_color__hover=&#8221;rgba(0,0,0,0.4)&#8221; header_5_text_shadow_color__hover_enabled=&#8221;rgba(0,0,0,0.4)&#8221; header_font_size__hover=&#8221;30px&#8221; header_font_size__hover_enabled=&#8221;30px&#8221; header_letter_spacing__hover=&#8221;0px&#8221; header_letter_spacing__hover_enabled=&#8221;0px&#8221; header_text_shadow_style__hover=&#8221;none&#8221; header_text_shadow_style__hover_enabled=&#8221;none&#8221; header_text_shadow_color__hover=&#8221;rgba(0,0,0,0.4)&#8221; header_text_shadow_color__hover_enabled=&#8221;rgba(0,0,0,0.4)&#8221; header_6_letter_spacing__hover=&#8221;0px&#8221; header_6_letter_spacing__hover_enabled=&#8221;0px&#8221; header_6_line_height__hover=&#8221;1em&#8221; header_6_line_height__hover_enabled=&#8221;1em&#8221; header_6_font_size__hover=&#8221;14px&#8221; header_6_font_size__hover_enabled=&#8221;14px&#8221; header_6_text_shadow_style__hover=&#8221;none&#8221; header_6_text_shadow_style__hover_enabled=&#8221;none&#8221; header_6_text_shadow_color__hover=&#8221;rgba(0,0,0,0.4)&#8221; header_6_text_shadow_color__hover_enabled=&#8221;rgba(0,0,0,0.4)&#8221;]<\/p>\n<h3>Newsletter registration successful.<\/h3>\n<h2>Thank you very much!<\/h2>\n<p>From now on you will receive our newsletter.<\/p>\n<p>[\/et_pb_text][et_pb_button button_text=&#8221;Back to the homepage&#8221; button_alignment=&#8221;left&#8221; _builder_version=&#8221;4.0.9&#8243; custom_button=&#8221;on&#8221; button_text_size=&#8221;16px&#8221; button_text_color=&#8221;#ffffff&#8221; button_bg_color=&#8221;#2977D5&#8243; button_border_width=&#8221;0px&#8221; button_border_radius=&#8221;20px&#8221; button_letter_spacing=&#8221;1px&#8221; button_font=&#8221;Open Sans|600|||||||&#8221; button_use_icon=&#8221;off&#8221; custom_margin=&#8221;0px|||3px|false|false&#8221; custom_padding=&#8221;8px|20px|8px|20px|false|true&#8221; hover_enabled=&#8221;0&#8243; locked=&#8221;off&#8221; button_url=&#8221;\/&#8221;][\/et_pb_button][\/et_pb_column][et_pb_column type=&#8221;2_5&#8243; _builder_version=&#8221;3.25&#8243; custom_padding=&#8221;|||&#8221; custom_padding__hover=&#8221;|||&#8221;][\/et_pb_column][\/et_pb_row][\/et_pb_section]<\/p>\n","protected":false},"excerpt":{"rendered":"<p>Newsletter registration successful. Thank you very much! From now on you will receive our newsletter.<\/p>\n","protected":false},"author":683,"featured_media":0,"parent":0,"menu_order":0,"comment_status":"closed","ping_status":"closed","template":"","meta":{"_et_pb_use_builder":"on","_et_pb_old_content":"","_et_gb_content_width":"","footnotes":""},"class_list":["post-12403","page","type-page","status-publish","hentry"],"yoast_head":"<!-- This site is optimized with the Yoast SEO plugin v27.4 - https:\/\/yoast.com\/product\/yoast-seo-wordpress\/ -->\n<title>Newsletter - bravaria<\/title>\n<meta name=\"robots\" content=\"index, follow, max-snippet:-1, max-image-preview:large, max-video-preview:-1\" \/>\n<link rel=\"canonical\" href=\"https:\/\/bravaria.de\/en\/newsletter\/\" \/>\n<meta property=\"og:locale\" content=\"en_US\" \/>\n<meta property=\"og:type\" content=\"article\" \/>\n<meta property=\"og:title\" content=\"Newsletter - bravaria\" \/>\n<meta property=\"og:description\" content=\"Newsletter registration successful. Thank you very much! From now on you will receive our newsletter.\" \/>\n<meta property=\"og:url\" content=\"https:\/\/bravaria.de\/en\/newsletter\/\" \/>\n<meta property=\"og:site_name\" content=\"bravaria\" \/>\n<meta property=\"article:publisher\" content=\"https:\/\/www.facebook.com\/bravariaShop\/\" \/>\n<meta property=\"article:modified_time\" content=\"2020-09-03T19:04:59+00:00\" \/>\n<meta property=\"og:image\" content=\"https:\/\/bravaria.de\/wp-content\/uploads\/2013\/06\/bravaria-BH-produkt-bild-scaled.jpg\" \/>\n\t<meta property=\"og:image:width\" content=\"1599\" \/>\n\t<meta property=\"og:image:height\" content=\"1200\" \/>\n\t<meta property=\"og:image:type\" content=\"image\/jpeg\" \/>\n<meta name=\"twitter:card\" content=\"summary_large_image\" \/>\n<meta name=\"twitter:site\" content=\"@bravariashop\" \/>\n<meta name=\"twitter:label1\" content=\"Est. reading time\" \/>\n\t<meta name=\"twitter:data1\" content=\"2 minutes\" \/>\n<script type=\"application\/ld+json\" class=\"yoast-schema-graph\">{\"@context\":\"https:\\\/\\\/schema.org\",\"@graph\":[{\"@type\":\"WebPage\",\"@id\":\"https:\\\/\\\/bravaria.de\\\/en\\\/newsletter\\\/\",\"url\":\"https:\\\/\\\/bravaria.de\\\/en\\\/newsletter\\\/\",\"name\":\"Newsletter - bravaria\",\"isPartOf\":{\"@id\":\"https:\\\/\\\/bravaria.de\\\/en\\\/#website\"},\"datePublished\":\"2017-08-10T19:43:55+00:00\",\"dateModified\":\"2020-09-03T19:04:59+00:00\",\"breadcrumb\":{\"@id\":\"https:\\\/\\\/bravaria.de\\\/en\\\/newsletter\\\/#breadcrumb\"},\"inLanguage\":\"en-US\",\"potentialAction\":[{\"@type\":\"ReadAction\",\"target\":[\"https:\\\/\\\/bravaria.de\\\/en\\\/newsletter\\\/\"]}]},{\"@type\":\"BreadcrumbList\",\"@id\":\"https:\\\/\\\/bravaria.de\\\/en\\\/newsletter\\\/#breadcrumb\",\"itemListElement\":[{\"@type\":\"ListItem\",\"position\":1,\"name\":\"Startseite\",\"item\":\"https:\\\/\\\/bravaria.de\\\/en\\\/\"},{\"@type\":\"ListItem\",\"position\":2,\"name\":\"Newsletter\"}]},{\"@type\":\"WebSite\",\"@id\":\"https:\\\/\\\/bravaria.de\\\/en\\\/#website\",\"url\":\"https:\\\/\\\/bravaria.de\\\/en\\\/\",\"name\":\"bravaria\",\"description\":\"Der erste BH f\u00fcr unterschiedlich gro\u00dfe Br\u00fcste\",\"publisher\":{\"@id\":\"https:\\\/\\\/bravaria.de\\\/en\\\/#organization\"},\"potentialAction\":[{\"@type\":\"SearchAction\",\"target\":{\"@type\":\"EntryPoint\",\"urlTemplate\":\"https:\\\/\\\/bravaria.de\\\/en\\\/?s={search_term_string}\"},\"query-input\":{\"@type\":\"PropertyValueSpecification\",\"valueRequired\":true,\"valueName\":\"search_term_string\"}}],\"inLanguage\":\"en-US\"},{\"@type\":\"Organization\",\"@id\":\"https:\\\/\\\/bravaria.de\\\/en\\\/#organization\",\"name\":\"bravaria\",\"url\":\"https:\\\/\\\/bravaria.de\\\/en\\\/\",\"logo\":{\"@type\":\"ImageObject\",\"inLanguage\":\"en-US\",\"@id\":\"https:\\\/\\\/bravaria.de\\\/en\\\/#\\\/schema\\\/logo\\\/image\\\/\",\"url\":\"\",\"contentUrl\":\"\",\"caption\":\"bravaria\"},\"image\":{\"@id\":\"https:\\\/\\\/bravaria.de\\\/en\\\/#\\\/schema\\\/logo\\\/image\\\/\"},\"sameAs\":[\"https:\\\/\\\/www.facebook.com\\\/bravariaShop\\\/\",\"https:\\\/\\\/x.com\\\/bravariashop\",\"https:\\\/\\\/www.instagram.com\\\/bravariashop\\\/\",\"https:\\\/\\\/www.youtube.com\\\/channel\\\/UCbzdrYzyweObwB9Qr80qe9Q\"]}]}<\/script>\n<!-- \/ Yoast SEO plugin. -->","yoast_head_json":{"title":"Newsletter - bravaria","robots":{"index":"index","follow":"follow","max-snippet":"max-snippet:-1","max-image-preview":"max-image-preview:large","max-video-preview":"max-video-preview:-1"},"canonical":"https:\/\/bravaria.de\/en\/newsletter\/","og_locale":"en_US","og_type":"article","og_title":"Newsletter - bravaria","og_description":"Newsletter registration successful. Thank you very much! From now on you will receive our newsletter.","og_url":"https:\/\/bravaria.de\/en\/newsletter\/","og_site_name":"bravaria","article_publisher":"https:\/\/www.facebook.com\/bravariaShop\/","article_modified_time":"2020-09-03T19:04:59+00:00","og_image":[{"width":1599,"height":1200,"url":"https:\/\/bravaria.de\/wp-content\/uploads\/2013\/06\/bravaria-BH-produkt-bild-scaled.jpg","type":"image\/jpeg"}],"twitter_card":"summary_large_image","twitter_site":"@bravariashop","twitter_misc":{"Est. reading time":"2 minutes"},"schema":{"@context":"https:\/\/schema.org","@graph":[{"@type":"WebPage","@id":"https:\/\/bravaria.de\/en\/newsletter\/","url":"https:\/\/bravaria.de\/en\/newsletter\/","name":"Newsletter - bravaria","isPartOf":{"@id":"https:\/\/bravaria.de\/en\/#website"},"datePublished":"2017-08-10T19:43:55+00:00","dateModified":"2020-09-03T19:04:59+00:00","breadcrumb":{"@id":"https:\/\/bravaria.de\/en\/newsletter\/#breadcrumb"},"inLanguage":"en-US","potentialAction":[{"@type":"ReadAction","target":["https:\/\/bravaria.de\/en\/newsletter\/"]}]},{"@type":"BreadcrumbList","@id":"https:\/\/bravaria.de\/en\/newsletter\/#breadcrumb","itemListElement":[{"@type":"ListItem","position":1,"name":"Startseite","item":"https:\/\/bravaria.de\/en\/"},{"@type":"ListItem","position":2,"name":"Newsletter"}]},{"@type":"WebSite","@id":"https:\/\/bravaria.de\/en\/#website","url":"https:\/\/bravaria.de\/en\/","name":"bravaria","description":"Der erste BH f\u00fcr unterschiedlich gro\u00dfe Br\u00fcste","publisher":{"@id":"https:\/\/bravaria.de\/en\/#organization"},"potentialAction":[{"@type":"SearchAction","target":{"@type":"EntryPoint","urlTemplate":"https:\/\/bravaria.de\/en\/?s={search_term_string}"},"query-input":{"@type":"PropertyValueSpecification","valueRequired":true,"valueName":"search_term_string"}}],"inLanguage":"en-US"},{"@type":"Organization","@id":"https:\/\/bravaria.de\/en\/#organization","name":"bravaria","url":"https:\/\/bravaria.de\/en\/","logo":{"@type":"ImageObject","inLanguage":"en-US","@id":"https:\/\/bravaria.de\/en\/#\/schema\/logo\/image\/","url":"","contentUrl":"","caption":"bravaria"},"image":{"@id":"https:\/\/bravaria.de\/en\/#\/schema\/logo\/image\/"},"sameAs":["https:\/\/www.facebook.com\/bravariaShop\/","https:\/\/x.com\/bravariashop","https:\/\/www.instagram.com\/bravariashop\/","https:\/\/www.youtube.com\/channel\/UCbzdrYzyweObwB9Qr80qe9Q"]}]}},"_links":{"self":[{"href":"https:\/\/bravaria.de\/en\/wp-json\/wp\/v2\/pages\/12403","targetHints":{"allow":["GET"]}}],"collection":[{"href":"https:\/\/bravaria.de\/en\/wp-json\/wp\/v2\/pages"}],"about":[{"href":"https:\/\/bravaria.de\/en\/wp-json\/wp\/v2\/types\/page"}],"author":[{"embeddable":true,"href":"https:\/\/bravaria.de\/en\/wp-json\/wp\/v2\/users\/683"}],"replies":[{"embeddable":true,"href":"https:\/\/bravaria.de\/en\/wp-json\/wp\/v2\/comments?post=12403"}],"version-history":[{"count":0,"href":"https:\/\/bravaria.de\/en\/wp-json\/wp\/v2\/pages\/12403\/revisions"}],"wp:attachment":[{"href":"https:\/\/bravaria.de\/en\/wp-json\/wp\/v2\/media?parent=12403"}],"curies":[{"name":"wp","href":"https:\/\/api.w.org\/{rel}","templated":true}]}}